{"id":9,"date":"2025-01-14T15:22:55","date_gmt":"2025-01-14T14:22:55","guid":{"rendered":"https:\/\/igienair.com\/?page_id=9"},"modified":"2025-07-16T09:14:54","modified_gmt":"2025-07-16T07:14:54","slug":"mise-au-point-des-reseaux-aerauliques","status":"publish","type":"page","link":"https:\/\/igienair.com\/lu\/expertises\/controles-aerauliques\/mise-au-point-des-reseaux-aerauliques\/","title":{"rendered":"Mise au point des r\u00e9seaux a\u00e9rauliques"},"content":{"rendered":"<div data-elementor-type=\"wp-page\" data-elementor-id=\"9\" class=\"elementor elementor-9\" data-elementor-post-type=\"page\">\n\t\t\t\t<div class=\"elementor-element elementor-element-5433c76 e-flex e-con-boxed e-con e-parent\" data-id=\"5433c76\" data-element_type=\"container\" data-e-type=\"container\">\n\t\t\t\t\t<div class=\"e-con-inner\">\n\t\t<div class=\"elementor-element elementor-element-df4671e e-con-full e-flex e-con e-child\" data-id=\"df4671e\" data-element_type=\"container\" data-e-type=\"container\">\n\t\t\t\t<div class=\"elementor-element elementor-element-11af393 elementor-widget elementor-widget-heading\" data-id=\"11af393\" data-element_type=\"widget\" data-e-type=\"widget\" data-widget_type=\"heading.default\">\n\t\t\t\t\t<h2 class=\"elementor-heading-title elementor-size-default\">Optimiser vos installations CVCD d\u00e8s leur mise en service<\/h2>\t\t\t\t<\/div>\n\t\t\t\t<div class=\"elementor-element elementor-element-a09e62d elementor-widget elementor-widget-text-editor\" data-id=\"a09e62d\" data-element_type=\"widget\" data-e-type=\"widget\" data-widget_type=\"text-editor.default\">\n\t\t\t\t\t\t\t\t\t<p><strong>Le r\u00e9glage est une phase essentielle<\/strong> dans la mise au point des r\u00e9seaux a\u00e9rauliques. Elle permet de valider que les performances contractuelles sont bien atteintes, tant sur le plan fonctionnel qu\u2019environnemental.<\/p>\n<p>En contr\u00f4lant pr\u00e9cis\u00e9ment les param\u00e8tres cibles (d\u00e9bits d\u2019air, temp\u00e9ratures, pressions, s\u00e9quences de r\u00e9gulation\u2026), nous assurons que l\u2019installation fonctionne conform\u00e9ment aux attentes. Cela garantit non seulement un <strong>confort<\/strong> optimal pour les occupants, mais aussi la <strong>s\u00e9curit\u00e9<\/strong> et la <strong>durabilit\u00e9<\/strong> des \u00e9quipements mis en \u0153uvre.<\/p>\t\t\t\t\t\t\t\t<\/div>\n\t\t\t\t<\/div>\n\t\t<div class=\"elementor-element elementor-element-31e28fe e-con-full e-flex e-con e-child\" data-id=\"31e28fe\" data-element_type=\"container\" data-e-type=\"container\">\n\t\t\t\t<div class=\"elementor-element elementor-element-5216401 photo elementor-widget elementor-widget-image\" data-id=\"5216401\" data-element_type=\"widget\" data-e-type=\"widget\" data-widget_type=\"image.default\">\n\t\t\t\t\t\t\t\t\t\t\t\t\t\t\t<img fetchpriority=\"high\" decoding=\"async\" width=\"800\" height=\"622\" src=\"https:\/\/igienair.com\/wp-content\/uploads\/2025\/04\/reglage-map2.jpg\" class=\"attachment-large size-large wp-image-14438\" alt=\"\" srcset=\"https:\/\/igienair.com\/wp-content\/uploads\/2025\/04\/reglage-map2.jpg 900w, https:\/\/igienair.com\/wp-content\/uploads\/2025\/04\/reglage-map2-300x233.jpg 300w, https:\/\/igienair.com\/wp-content\/uploads\/2025\/04\/reglage-map2-768x597.jpg 768w\" sizes=\"(max-width: 800px) 100vw, 800px\" \/>\t\t\t\t\t\t\t\t\t\t\t\t\t\t\t<\/div>\n\t\t\t\t<\/div>\n\t\t\t\t\t<\/div>\n\t\t\t\t<\/div>\n\t\t<div class=\"elementor-element elementor-element-a9f3227 e-flex e-con-boxed e-con e-parent\" data-id=\"a9f3227\" data-element_type=\"container\" data-e-type=\"container\">\n\t\t\t\t\t<div class=\"e-con-inner\">\n\t\t<div class=\"elementor-element elementor-element-4d9c73b e-con-full e-flex e-con e-child\" data-id=\"4d9c73b\" data-element_type=\"container\" data-e-type=\"container\">\n\t\t\t\t<div class=\"elementor-element elementor-element-18c39bf elementor-widget elementor-widget-heading\" data-id=\"18c39bf\" data-element_type=\"widget\" data-e-type=\"widget\" data-widget_type=\"heading.default\">\n\t\t\t\t\t<h2 class=\"elementor-heading-title elementor-size-default\">R\u00e9pondre aux enjeux de performance et de conformit\u00e9<\/h2>\t\t\t\t<\/div>\n\t\t\t\t<div class=\"elementor-element elementor-element-799a0e5 elementor-widget elementor-widget-text-editor\" data-id=\"799a0e5\" data-element_type=\"widget\" data-e-type=\"widget\" data-widget_type=\"text-editor.default\">\n\t\t\t\t\t\t\t\t\t<p>Dans un contexte o\u00f9 les labels environnementaux et les objectifs d\u2019efficacit\u00e9 \u00e9nerg\u00e9tique se renforcent, la mise au point devient un v\u00e9ritable levier de performance.<\/p>\n<p>L\u2019\u00e9poque du \u201csurdimensionnement par s\u00e9curit\u00e9\u201d est r\u00e9volue : aujourd\u2019hui, <strong>chaque installation doit r\u00e9pondre \u00e0 des crit\u00e8res de performance pr\u00e9cis, mesurables et optimis\u00e9s<\/strong>.<\/p>\n<p><a href=\"https:\/\/igienair.com\/lu\/\">IGIENAIR<\/a> intervient sur tous types d\u2019installations pour r\u00e9aliser :<\/p>\t\t\t\t\t\t\t\t<\/div>\n\t\t\t\t<div class=\"elementor-element elementor-element-151a09f elementor-icon-list--layout-traditional elementor-list-item-link-full_width elementor-widget elementor-widget-icon-list\" data-id=\"151a09f\" data-element_type=\"widget\" data-e-type=\"widget\" data-widget_type=\"icon-list.default\">\n\t\t\t\t\t\t\t<ul class=\"elementor-icon-list-items\">\n\t\t\t\t\t\t\t<li class=\"elementor-icon-list-item\">\n\t\t\t\t\t\t\t\t\t\t\t<span class=\"elementor-icon-list-icon\">\n\t\t\t\t\t\t\t<svg aria-hidden=\"true\" class=\"e-font-icon-svg e-fas-check\" viewbox=\"0 0 512 512\" xmlns=\"http:\/\/www.w3.org\/2000\/svg\"><path d=\"M173.898 439.404l-166.4-166.4c-9.997-9.997-9.997-26.206 0-36.204l36.203-36.204c9.997-9.998 26.207-9.998 36.204 0L192 312.69 432.095 72.596c9.997-9.997 26.207-9.997 36.204 0l36.203 36.204c9.997 9.997 9.997 26.206 0 36.204l-294.4 294.401c-9.998 9.997-26.207 9.997-36.204-.001z\"><\/path><\/svg>\t\t\t\t\t\t<\/span>\n\t\t\t\t\t\t\t\t\t\t<span class=\"elementor-icon-list-text\">La mise au point des r\u00e9seaux a\u00e9rauliques et hydrauliques<\/span>\n\t\t\t\t\t\t\t\t\t<\/li>\n\t\t\t\t\t\t\t\t<li class=\"elementor-icon-list-item\">\n\t\t\t\t\t\t\t\t\t\t\t<span class=\"elementor-icon-list-icon\">\n\t\t\t\t\t\t\t<svg aria-hidden=\"true\" class=\"e-font-icon-svg e-fas-check\" viewbox=\"0 0 512 512\" xmlns=\"http:\/\/www.w3.org\/2000\/svg\"><path d=\"M173.898 439.404l-166.4-166.4c-9.997-9.997-9.997-26.206 0-36.204l36.203-36.204c9.997-9.998 26.207-9.998 36.204 0L192 312.69 432.095 72.596c9.997-9.997 26.207-9.997 36.204 0l36.203 36.204c9.997 9.997 9.997 26.206 0 36.204l-294.4 294.401c-9.998 9.997-26.207 9.997-36.204-.001z\"><\/path><\/svg>\t\t\t\t\t\t<\/span>\n\t\t\t\t\t\t\t\t\t\t<span class=\"elementor-icon-list-text\">Le r\u00e9glage des dispositifs de d\u00e9senfumage<\/span>\n\t\t\t\t\t\t\t\t\t<\/li>\n\t\t\t\t\t\t\t\t<li class=\"elementor-icon-list-item\">\n\t\t\t\t\t\t\t\t\t\t\t<span class=\"elementor-icon-list-icon\">\n\t\t\t\t\t\t\t<svg aria-hidden=\"true\" class=\"e-font-icon-svg e-fas-check\" viewbox=\"0 0 512 512\" xmlns=\"http:\/\/www.w3.org\/2000\/svg\"><path d=\"M173.898 439.404l-166.4-166.4c-9.997-9.997-9.997-26.206 0-36.204l36.203-36.204c9.997-9.998 26.207-9.998 36.204 0L192 312.69 432.095 72.596c9.997-9.997 26.207-9.997 36.204 0l36.203 36.204c9.997 9.997 9.997 26.206 0 36.204l-294.4 294.401c-9.998 9.997-26.207 9.997-36.204-.001z\"><\/path><\/svg>\t\t\t\t\t\t<\/span>\n\t\t\t\t\t\t\t\t\t\t<span class=\"elementor-icon-list-text\">L\u2019ajustement des syst\u00e8mes de traitement d\u2019air et de climatisation.<\/span>\n\t\t\t\t\t\t\t\t\t<\/li>\n\t\t\t\t\t\t<\/ul>\n\t\t\t\t\t\t<\/div>\n\t\t\t\t<div class=\"elementor-element elementor-element-83c83d3 elementor-widget elementor-widget-text-editor\" data-id=\"83c83d3\" data-element_type=\"widget\" data-e-type=\"widget\" data-widget_type=\"text-editor.default\">\n\t\t\t\t\t\t\t\t\t<p>Notre approche rigoureuse et notre connaissance fine des installations font de nous un partenaire de r\u00e9f\u00e9rence pour la r\u00e9ussite de vos projets.<\/p>\t\t\t\t\t\t\t\t<\/div>\n\t\t\t\t<\/div>\n\t\t<div class=\"elementor-element elementor-element-17b814e e-con-full e-flex e-con e-child\" data-id=\"17b814e\" data-element_type=\"container\" data-e-type=\"container\">\n\t\t\t\t<div class=\"elementor-element elementor-element-45ee3a5 photo elementor-widget elementor-widget-image\" data-id=\"45ee3a5\" data-element_type=\"widget\" data-e-type=\"widget\" data-widget_type=\"image.default\">\n\t\t\t\t\t\t\t\t\t\t\t\t\t\t\t<img decoding=\"async\" width=\"660\" height=\"881\" src=\"https:\/\/igienair.com\/wp-content\/uploads\/2025\/04\/reglage-map.jpg\" class=\"attachment-large size-large wp-image-14439\" alt=\"\" srcset=\"https:\/\/igienair.com\/wp-content\/uploads\/2025\/04\/reglage-map.jpg 660w, https:\/\/igienair.com\/wp-content\/uploads\/2025\/04\/reglage-map-225x300.jpg 225w\" sizes=\"(max-width: 660px) 100vw, 660px\" \/>\t\t\t\t\t\t\t\t\t\t\t\t\t\t\t<\/div>\n\t\t\t\t<\/div>\n\t\t\t\t\t<\/div>\n\t\t\t\t<\/div>\n\t\t\t\t<\/div>","protected":false},"excerpt":{"rendered":"<p>Optimiser vos installations CVCD d\u00e8s leur mise en service Le r\u00e9glage est une phase essentielle dans la mise au point des r\u00e9seaux a\u00e9rauliques. Elle permet de valider que les performances contractuelles sont bien atteintes, tant sur le plan fonctionnel qu\u2019environnemental. En contr\u00f4lant pr\u00e9cis\u00e9ment les param\u00e8tres cibles (d\u00e9bits d\u2019air, temp\u00e9ratures, pressions, s\u00e9quences de r\u00e9gulation\u2026), nous assurons [&hellip;]<\/p>\n","protected":false},"author":4,"featured_media":15218,"parent":261,"menu_order":0,"comment_status":"closed","ping_status":"closed","template":"","meta":{"_acf_changed":false,"footnotes":""},"expertise":[17],"class_list":["post-9","page","type-page","status-publish","has-post-thumbnail","hentry","expertise-controle-aeraulique"],"acf":[],"yoast_head":"<!-- This site is optimized with the Yoast SEO plugin v27.3 - https:\/\/yoast.com\/product\/yoast-seo-wordpress\/ -->\n<title>Mise au point des r\u00e9seaux a\u00e9rauliques<\/title>\n<meta name=\"description\" content=\"IGIENAIR, expert de la mise au point des r\u00e9seaux a\u00e9rauliques pour des installations efficaces et conformes.\" \/>\n<meta name=\"robots\" content=\"index, follow, max-snippet:-1, max-image-preview:large, max-video-preview:-1\" \/>\n<link rel=\"canonical\" href=\"https:\/\/igienair.com\/lu\/expertises\/controles-aerauliques\/mise-au-point-des-reseaux-aerauliques\/\" \/>\n<meta property=\"og:locale\" content=\"fr_FR\" \/>\n<meta property=\"og:type\" content=\"article\" \/>\n<meta property=\"og:title\" content=\"Mise au point des r\u00e9seaux a\u00e9rauliques\" \/>\n<meta property=\"og:description\" content=\"IGIENAIR, expert de la mise au point des r\u00e9seaux a\u00e9rauliques pour des installations efficaces et conformes.\" \/>\n<meta property=\"og:url\" content=\"https:\/\/igienair.com\/lu\/expertises\/controles-aerauliques\/mise-au-point-des-reseaux-aerauliques\/\" \/>\n<meta property=\"og:site_name\" content=\"Igienair\" \/>\n<meta property=\"article:modified_time\" content=\"2025-07-16T07:14:54+00:00\" \/>\n<meta property=\"og:image\" content=\"https:\/\/igienair.com\/wp-content\/uploads\/2025\/04\/IMG_4410-scaled.jpg\" \/>\n\t<meta property=\"og:image:width\" content=\"2560\" \/>\n\t<meta property=\"og:image:height\" content=\"1707\" \/>\n\t<meta property=\"og:image:type\" content=\"image\/jpeg\" \/>\n<script type=\"application\/ld+json\" class=\"yoast-schema-graph\">{\"@context\":\"https:\\\/\\\/schema.org\",\"@graph\":[{\"@type\":\"WebPage\",\"@id\":\"https:\\\/\\\/igienair.com\\\/expertises\\\/controles-aerauliques\\\/mise-au-point-des-reseaux-aerauliques\\\/\",\"url\":\"https:\\\/\\\/igienair.com\\\/expertises\\\/controles-aerauliques\\\/mise-au-point-des-reseaux-aerauliques\\\/\",\"name\":\"Mise au point des r\u00e9seaux a\u00e9rauliques\",\"isPartOf\":{\"@id\":\"https:\\\/\\\/igienair.com\\\/#website\"},\"primaryImageOfPage\":{\"@id\":\"https:\\\/\\\/igienair.com\\\/expertises\\\/controles-aerauliques\\\/mise-au-point-des-reseaux-aerauliques\\\/#primaryimage\"},\"image\":{\"@id\":\"https:\\\/\\\/igienair.com\\\/expertises\\\/controles-aerauliques\\\/mise-au-point-des-reseaux-aerauliques\\\/#primaryimage\"},\"thumbnailUrl\":\"https:\\\/\\\/igienair.com\\\/wp-content\\\/uploads\\\/2025\\\/04\\\/IMG_4410-scaled.jpg\",\"datePublished\":\"2025-01-14T14:22:55+00:00\",\"dateModified\":\"2025-07-16T07:14:54+00:00\",\"description\":\"IGIENAIR, expert de la mise au point des r\u00e9seaux a\u00e9rauliques pour des installations efficaces et conformes.\",\"breadcrumb\":{\"@id\":\"https:\\\/\\\/igienair.com\\\/expertises\\\/controles-aerauliques\\\/mise-au-point-des-reseaux-aerauliques\\\/#breadcrumb\"},\"inLanguage\":\"fr-LU\",\"potentialAction\":[{\"@type\":\"ReadAction\",\"target\":[\"https:\\\/\\\/igienair.com\\\/expertises\\\/controles-aerauliques\\\/mise-au-point-des-reseaux-aerauliques\\\/\"]}]},{\"@type\":\"ImageObject\",\"inLanguage\":\"fr-LU\",\"@id\":\"https:\\\/\\\/igienair.com\\\/expertises\\\/controles-aerauliques\\\/mise-au-point-des-reseaux-aerauliques\\\/#primaryimage\",\"url\":\"https:\\\/\\\/igienair.com\\\/wp-content\\\/uploads\\\/2025\\\/04\\\/IMG_4410-scaled.jpg\",\"contentUrl\":\"https:\\\/\\\/igienair.com\\\/wp-content\\\/uploads\\\/2025\\\/04\\\/IMG_4410-scaled.jpg\",\"width\":2560,\"height\":1707,\"caption\":\"Mise au point des r\u00e9seaux a\u00e9rauliques\"},{\"@type\":\"BreadcrumbList\",\"@id\":\"https:\\\/\\\/igienair.com\\\/expertises\\\/controles-aerauliques\\\/mise-au-point-des-reseaux-aerauliques\\\/#breadcrumb\",\"itemListElement\":[{\"@type\":\"ListItem\",\"position\":1,\"name\":\"Accueil\",\"item\":\"https:\\\/\\\/igienair.com\\\/\"},{\"@type\":\"ListItem\",\"position\":2,\"name\":\"Expertises\",\"item\":\"https:\\\/\\\/igienair.com\\\/en\\\/expertise-2\\\/\"},{\"@type\":\"ListItem\",\"position\":3,\"name\":\"Contr\u00f4les a\u00e9rauliques\",\"item\":\"https:\\\/\\\/igienair.com\\\/en\\\/expertise-2\\\/air-controls\\\/\"},{\"@type\":\"ListItem\",\"position\":4,\"name\":\"Mise au point des r\u00e9seaux a\u00e9rauliques\"}]},{\"@type\":\"WebSite\",\"@id\":\"https:\\\/\\\/igienair.com\\\/#website\",\"url\":\"https:\\\/\\\/igienair.com\\\/\",\"name\":\"Igienair\",\"description\":\"Sp\u00e9cialiste de la qualit\u00e9 de l&#039;air int\u00e9rieur\",\"publisher\":{\"@id\":\"https:\\\/\\\/igienair.com\\\/#organization\"},\"potentialAction\":[{\"@type\":\"SearchAction\",\"target\":{\"@type\":\"EntryPoint\",\"urlTemplate\":\"https:\\\/\\\/igienair.com\\\/?s={search_term_string}\"},\"query-input\":{\"@type\":\"PropertyValueSpecification\",\"valueRequired\":true,\"valueName\":\"search_term_string\"}}],\"inLanguage\":\"fr-LU\"},{\"@type\":\"Organization\",\"@id\":\"https:\\\/\\\/igienair.com\\\/#organization\",\"name\":\"Igienair\",\"url\":\"https:\\\/\\\/igienair.com\\\/\",\"logo\":{\"@type\":\"ImageObject\",\"inLanguage\":\"fr-LU\",\"@id\":\"https:\\\/\\\/igienair.com\\\/#\\\/schema\\\/logo\\\/image\\\/\",\"url\":\"https:\\\/\\\/igienair.com\\\/wp-content\\\/uploads\\\/2025\\\/05\\\/00-Logo_IGIENAIR_2025.png\",\"contentUrl\":\"https:\\\/\\\/igienair.com\\\/wp-content\\\/uploads\\\/2025\\\/05\\\/00-Logo_IGIENAIR_2025.png\",\"width\":1484,\"height\":892,\"caption\":\"Igienair\"},\"image\":{\"@id\":\"https:\\\/\\\/igienair.com\\\/#\\\/schema\\\/logo\\\/image\\\/\"},\"sameAs\":[\"https:\\\/\\\/www.linkedin.com\\\/company\\\/igienair\\\/?viewAsMember=true\"]}]}<\/script>\n<!-- \/ Yoast SEO plugin. -->","yoast_head_json":{"title":"Mise au point des r\u00e9seaux a\u00e9rauliques","description":"IGIENAIR, expert de la mise au point des r\u00e9seaux a\u00e9rauliques pour des installations efficaces et conformes.","robots":{"index":"index","follow":"follow","max-snippet":"max-snippet:-1","max-image-preview":"max-image-preview:large","max-video-preview":"max-video-preview:-1"},"canonical":"https:\/\/igienair.com\/lu\/expertises\/controles-aerauliques\/mise-au-point-des-reseaux-aerauliques\/","og_locale":"fr_FR","og_type":"article","og_title":"Mise au point des r\u00e9seaux a\u00e9rauliques","og_description":"IGIENAIR, expert de la mise au point des r\u00e9seaux a\u00e9rauliques pour des installations efficaces et conformes.","og_url":"https:\/\/igienair.com\/lu\/expertises\/controles-aerauliques\/mise-au-point-des-reseaux-aerauliques\/","og_site_name":"Igienair","article_modified_time":"2025-07-16T07:14:54+00:00","og_image":[{"width":2560,"height":1707,"url":"https:\/\/igienair.com\/wp-content\/uploads\/2025\/04\/IMG_4410-scaled.jpg","type":"image\/jpeg"}],"schema":{"@context":"https:\/\/schema.org","@graph":[{"@type":"WebPage","@id":"https:\/\/igienair.com\/expertises\/controles-aerauliques\/mise-au-point-des-reseaux-aerauliques\/","url":"https:\/\/igienair.com\/expertises\/controles-aerauliques\/mise-au-point-des-reseaux-aerauliques\/","name":"Mise au point des r\u00e9seaux a\u00e9rauliques","isPartOf":{"@id":"https:\/\/igienair.com\/#website"},"primaryImageOfPage":{"@id":"https:\/\/igienair.com\/expertises\/controles-aerauliques\/mise-au-point-des-reseaux-aerauliques\/#primaryimage"},"image":{"@id":"https:\/\/igienair.com\/expertises\/controles-aerauliques\/mise-au-point-des-reseaux-aerauliques\/#primaryimage"},"thumbnailUrl":"https:\/\/igienair.com\/wp-content\/uploads\/2025\/04\/IMG_4410-scaled.jpg","datePublished":"2025-01-14T14:22:55+00:00","dateModified":"2025-07-16T07:14:54+00:00","description":"IGIENAIR, expert de la mise au point des r\u00e9seaux a\u00e9rauliques pour des installations efficaces et conformes.","breadcrumb":{"@id":"https:\/\/igienair.com\/expertises\/controles-aerauliques\/mise-au-point-des-reseaux-aerauliques\/#breadcrumb"},"inLanguage":"fr-LU","potentialAction":[{"@type":"ReadAction","target":["https:\/\/igienair.com\/expertises\/controles-aerauliques\/mise-au-point-des-reseaux-aerauliques\/"]}]},{"@type":"ImageObject","inLanguage":"fr-LU","@id":"https:\/\/igienair.com\/expertises\/controles-aerauliques\/mise-au-point-des-reseaux-aerauliques\/#primaryimage","url":"https:\/\/igienair.com\/wp-content\/uploads\/2025\/04\/IMG_4410-scaled.jpg","contentUrl":"https:\/\/igienair.com\/wp-content\/uploads\/2025\/04\/IMG_4410-scaled.jpg","width":2560,"height":1707,"caption":"Mise au point des r\u00e9seaux a\u00e9rauliques"},{"@type":"BreadcrumbList","@id":"https:\/\/igienair.com\/expertises\/controles-aerauliques\/mise-au-point-des-reseaux-aerauliques\/#breadcrumb","itemListElement":[{"@type":"ListItem","position":1,"name":"Accueil","item":"https:\/\/igienair.com\/"},{"@type":"ListItem","position":2,"name":"Expertises","item":"https:\/\/igienair.com\/en\/expertise-2\/"},{"@type":"ListItem","position":3,"name":"Contr\u00f4les a\u00e9rauliques","item":"https:\/\/igienair.com\/en\/expertise-2\/air-controls\/"},{"@type":"ListItem","position":4,"name":"Mise au point des r\u00e9seaux a\u00e9rauliques"}]},{"@type":"WebSite","@id":"https:\/\/igienair.com\/#website","url":"https:\/\/igienair.com\/","name":"Igienair","description":"Sp\u00e9cialiste de la qualit\u00e9 de l&#039;air int\u00e9rieur","publisher":{"@id":"https:\/\/igienair.com\/#organization"},"potentialAction":[{"@type":"SearchAction","target":{"@type":"EntryPoint","urlTemplate":"https:\/\/igienair.com\/?s={search_term_string}"},"query-input":{"@type":"PropertyValueSpecification","valueRequired":true,"valueName":"search_term_string"}}],"inLanguage":"fr-LU"},{"@type":"Organization","@id":"https:\/\/igienair.com\/#organization","name":"Igienair","url":"https:\/\/igienair.com\/","logo":{"@type":"ImageObject","inLanguage":"fr-LU","@id":"https:\/\/igienair.com\/#\/schema\/logo\/image\/","url":"https:\/\/igienair.com\/wp-content\/uploads\/2025\/05\/00-Logo_IGIENAIR_2025.png","contentUrl":"https:\/\/igienair.com\/wp-content\/uploads\/2025\/05\/00-Logo_IGIENAIR_2025.png","width":1484,"height":892,"caption":"Igienair"},"image":{"@id":"https:\/\/igienair.com\/#\/schema\/logo\/image\/"},"sameAs":["https:\/\/www.linkedin.com\/company\/igienair\/?viewAsMember=true"]}]}},"_links":{"self":[{"href":"https:\/\/igienair.com\/lu\/wp-json\/wp\/v2\/pages\/9","targetHints":{"allow":["GET"]}}],"collection":[{"href":"https:\/\/igienair.com\/lu\/wp-json\/wp\/v2\/pages"}],"about":[{"href":"https:\/\/igienair.com\/lu\/wp-json\/wp\/v2\/types\/page"}],"author":[{"embeddable":true,"href":"https:\/\/igienair.com\/lu\/wp-json\/wp\/v2\/users\/4"}],"replies":[{"embeddable":true,"href":"https:\/\/igienair.com\/lu\/wp-json\/wp\/v2\/comments?post=9"}],"version-history":[{"count":3,"href":"https:\/\/igienair.com\/lu\/wp-json\/wp\/v2\/pages\/9\/revisions"}],"predecessor-version":[{"id":15879,"href":"https:\/\/igienair.com\/lu\/wp-json\/wp\/v2\/pages\/9\/revisions\/15879"}],"up":[{"embeddable":true,"href":"https:\/\/igienair.com\/lu\/wp-json\/wp\/v2\/pages\/261"}],"wp:featuredmedia":[{"embeddable":true,"href":"https:\/\/igienair.com\/lu\/wp-json\/wp\/v2\/media\/15218"}],"wp:attachment":[{"href":"https:\/\/igienair.com\/lu\/wp-json\/wp\/v2\/media?parent=9"}],"wp:term":[{"taxonomy":"expertise","embeddable":true,"href":"https:\/\/igienair.com\/lu\/wp-json\/wp\/v2\/expertise?post=9"}],"curies":[{"name":"wp","href":"https:\/\/api.w.org\/{rel}","templated":true}]}}