{"id":305,"date":"2025-01-15T10:21:53","date_gmt":"2025-01-15T09:21:53","guid":{"rendered":"https:\/\/igienair.com\/?page_id=305"},"modified":"2025-07-15T14:49:57","modified_gmt":"2025-07-15T12:49:57","slug":"logement-collectif","status":"publish","type":"page","link":"https:\/\/igienair.com\/lu\/secteurs\/logement-collectif\/","title":{"rendered":"Logement collectif"},"content":{"rendered":"<div data-elementor-type=\"wp-page\" data-elementor-id=\"305\" class=\"elementor elementor-305\" data-elementor-post-type=\"page\">\n\t\t\t\t<div class=\"elementor-element elementor-element-50a73f62 e-flex e-con-boxed e-con e-parent\" data-id=\"50a73f62\" data-element_type=\"container\" data-e-type=\"container\">\n\t\t\t\t\t<div class=\"e-con-inner\">\n\t\t\t\t<div class=\"elementor-element elementor-element-1f6b7f54 elementor-widget elementor-widget-text-editor\" data-id=\"1f6b7f54\" data-element_type=\"widget\" data-e-type=\"widget\" data-widget_type=\"text-editor.default\">\n\t\t\t\t\t\t\t\t\t<p><\/p>\n<h2 class=\"wp-block-heading\">Des logements expos\u00e9s \u00e0 de nombreux polluants<\/h2>\n<p><\/p>\n<p>Un logement collectif, qu\u2019il soit un immeuble d\u2019habitation, une r\u00e9sidence ou un foyer accueillant un grand nombre d\u2019occupants, g\u00e9n\u00e8re une forte pression sur la qualit\u00e9 de l\u2019air int\u00e9rieur. La pr\u00e9sence accrue d\u2019humidit\u00e9, de compos\u00e9s organiques volatils (COV), d\u2019allerg\u00e8nes et de particules fines peut alt\u00e9rer le confort des r\u00e9sidents et impacter la salubrit\u00e9 des logements.<\/p>\n<p><\/p>\n<h2 class=\"wp-block-heading\">Le r\u00f4le essentiel des syst\u00e8mes de ventilation<\/h2>\n<p><\/p>\n<p>Les syst\u00e8mes de ventilation collective (VMC, CTA, extracteurs d\u2019air) permettent de pr\u00e9venir les risques de moisissures, de condensation et les nuisances olfactives. Ils doivent en revanche \u00eatre entretenus r\u00e9guli\u00e8rement pour garantir un bon \u00e9tat de fonctionnement et \u00e9viter les pertes \u00e9nerg\u00e9tiques.<\/p>\n<p><\/p>\n<p>En effet, l\u2019optimisation \u00e9nerg\u00e9tique est un enjeu majeur li\u00e9 \u00e0 la gestion des b\u00e2timents collectifs. Une gestion efficace des flux d\u2019air permet d\u2019am\u00e9liorer l\u2019efficacit\u00e9 thermique et de r\u00e9duire la consommation \u00e9nerg\u00e9tique tout en garantissant une qualit\u00e9 d\u2019air optimale.<\/p>\n<p>Dans ce cadre, la r\u00e9novation ou le remplacement de syst\u00e8mes de ventilation peut \u00eatre \u00e9ligible aux aides financi\u00e8res du dispositif des <a target=\"_blank\" rel=\"nofollow\" href=\"https:\/\/www.service-public.fr\/particuliers\/vosdroits\/F35584\">Certificats d\u2019\u00c9conomies d\u2019\u00c9nergie (CEE)<\/a>, qui incitent \u00e0 r\u00e9aliser des travaux permettant une meilleure performance \u00e9nerg\u00e9tique.<\/p>\n<p><\/p>\n<h2 class=\"wp-block-heading\">Un accompagnement pour une ventilation performante et conforme<\/h2>\n<p><\/p>\n<p>Gr\u00e2ce \u00e0 notre expertise en\u00a0<a href=\"https:\/\/igienair.com\/lu\/expertise\/controle-aeraulique\/audit-aeraulique\/\" target=\"_blank\" rel=\"noopener\">audit a\u00e9raulique<\/a>\u00a0et en optimisation \u00e9nerg\u00e9tique, IGIENAIR accompagne les gestionnaires de logements collectifs et bailleurs sociaux dans la mise en conformit\u00e9 et l\u2019am\u00e9lioration des syst\u00e8mes de ventilation, garantissant ainsi un environnement sain, durable et conforme aux exigences r\u00e9glementaires.<\/p>\n<p><\/p>\n<p><\/p>\t\t\t\t\t\t\t\t<\/div>\n\t\t\t\t\t<\/div>\n\t\t\t\t<\/div>\n\t\t\t\t<\/div>","protected":false},"excerpt":{"rendered":"<p>Des logements expos\u00e9s \u00e0 de nombreux polluants Un logement collectif, qu\u2019il soit un immeuble d\u2019habitation, une r\u00e9sidence ou un foyer accueillant un grand nombre d\u2019occupants, g\u00e9n\u00e8re une forte pression sur la qualit\u00e9 de l\u2019air int\u00e9rieur. La pr\u00e9sence accrue d\u2019humidit\u00e9, de compos\u00e9s organiques volatils (COV), d\u2019allerg\u00e8nes et de particules fines peut alt\u00e9rer le confort des r\u00e9sidents [&hellip;]<\/p>\n","protected":false},"author":4,"featured_media":1363,"parent":293,"menu_order":0,"comment_status":"closed","ping_status":"closed","template":"","meta":{"_acf_changed":false,"footnotes":""},"expertise":[20],"class_list":["post-305","page","type-page","status-publish","has-post-thumbnail","hentry","expertise-secteurs"],"acf":[],"yoast_head":"<!-- This site is optimized with the Yoast SEO plugin v27.3 - https:\/\/yoast.com\/product\/yoast-seo-wordpress\/ -->\n<title>Logement collectif - Igienair<\/title>\n<meta name=\"description\" content=\"Maintenance et Optimisation \u00e9nerg\u00e9tique des syst\u00e8mes de ventilation pour les professionnels de logement collectif\" \/>\n<meta name=\"robots\" content=\"index, follow, max-snippet:-1, max-image-preview:large, max-video-preview:-1\" \/>\n<link rel=\"canonical\" href=\"https:\/\/igienair.com\/lu\/be\/sectoren\/collectieve-woning\/\" \/>\n<meta property=\"og:locale\" content=\"fr_FR\" \/>\n<meta property=\"og:type\" content=\"article\" \/>\n<meta property=\"og:title\" content=\"Logement collectif - Igienair\" \/>\n<meta property=\"og:description\" content=\"Maintenance et Optimisation \u00e9nerg\u00e9tique des syst\u00e8mes de ventilation pour les professionnels de logement collectif\" \/>\n<meta property=\"og:url\" content=\"https:\/\/igienair.com\/lu\/be\/sectoren\/collectieve-woning\/\" \/>\n<meta property=\"og:site_name\" content=\"Igienair\" \/>\n<meta property=\"article:modified_time\" content=\"2025-07-15T12:49:57+00:00\" \/>\n<meta property=\"og:image\" content=\"https:\/\/igienair.com\/wp-content\/uploads\/2025\/02\/secteur-residentiel.jpg\" \/>\n\t<meta property=\"og:image:width\" content=\"2000\" \/>\n\t<meta property=\"og:image:height\" content=\"1330\" \/>\n\t<meta property=\"og:image:type\" content=\"image\/jpeg\" \/>\n<script type=\"application\/ld+json\" class=\"yoast-schema-graph\">{\"@context\":\"https:\\\/\\\/schema.org\",\"@graph\":[{\"@type\":\"WebPage\",\"@id\":\"https:\\\/\\\/igienair.com\\\/be\\\/sectoren\\\/collectieve-woning\\\/\",\"url\":\"https:\\\/\\\/igienair.com\\\/be\\\/sectoren\\\/collectieve-woning\\\/\",\"name\":\"Logement collectif - Igienair\",\"isPartOf\":{\"@id\":\"https:\\\/\\\/igienair.com\\\/#website\"},\"primaryImageOfPage\":{\"@id\":\"https:\\\/\\\/igienair.com\\\/be\\\/sectoren\\\/collectieve-woning\\\/#primaryimage\"},\"image\":{\"@id\":\"https:\\\/\\\/igienair.com\\\/be\\\/sectoren\\\/collectieve-woning\\\/#primaryimage\"},\"thumbnailUrl\":\"https:\\\/\\\/igienair.com\\\/wp-content\\\/uploads\\\/2025\\\/02\\\/secteur-residentiel.jpg\",\"datePublished\":\"2025-01-15T09:21:53+00:00\",\"dateModified\":\"2025-07-15T12:49:57+00:00\",\"description\":\"Maintenance et Optimisation \u00e9nerg\u00e9tique des syst\u00e8mes de ventilation pour les professionnels de logement collectif\",\"breadcrumb\":{\"@id\":\"https:\\\/\\\/igienair.com\\\/be\\\/sectoren\\\/collectieve-woning\\\/#breadcrumb\"},\"inLanguage\":\"fr-LU\",\"potentialAction\":[{\"@type\":\"ReadAction\",\"target\":[\"https:\\\/\\\/igienair.com\\\/be\\\/sectoren\\\/collectieve-woning\\\/\"]}]},{\"@type\":\"ImageObject\",\"inLanguage\":\"fr-LU\",\"@id\":\"https:\\\/\\\/igienair.com\\\/be\\\/sectoren\\\/collectieve-woning\\\/#primaryimage\",\"url\":\"https:\\\/\\\/igienair.com\\\/wp-content\\\/uploads\\\/2025\\\/02\\\/secteur-residentiel.jpg\",\"contentUrl\":\"https:\\\/\\\/igienair.com\\\/wp-content\\\/uploads\\\/2025\\\/02\\\/secteur-residentiel.jpg\",\"width\":2000,\"height\":1330},{\"@type\":\"BreadcrumbList\",\"@id\":\"https:\\\/\\\/igienair.com\\\/be\\\/sectoren\\\/collectieve-woning\\\/#breadcrumb\",\"itemListElement\":[{\"@type\":\"ListItem\",\"position\":1,\"name\":\"Accueil\",\"item\":\"https:\\\/\\\/igienair.com\\\/\"},{\"@type\":\"ListItem\",\"position\":2,\"name\":\"Secteurs\",\"item\":\"https:\\\/\\\/igienair.be\\\/secteurs\\\/\"},{\"@type\":\"ListItem\",\"position\":3,\"name\":\"Logement collectif\"}]},{\"@type\":\"WebSite\",\"@id\":\"https:\\\/\\\/igienair.com\\\/#website\",\"url\":\"https:\\\/\\\/igienair.com\\\/\",\"name\":\"Igienair\",\"description\":\"Sp\u00e9cialiste de la qualit\u00e9 de l&#039;air int\u00e9rieur\",\"publisher\":{\"@id\":\"https:\\\/\\\/igienair.com\\\/#organization\"},\"potentialAction\":[{\"@type\":\"SearchAction\",\"target\":{\"@type\":\"EntryPoint\",\"urlTemplate\":\"https:\\\/\\\/igienair.com\\\/?s={search_term_string}\"},\"query-input\":{\"@type\":\"PropertyValueSpecification\",\"valueRequired\":true,\"valueName\":\"search_term_string\"}}],\"inLanguage\":\"fr-LU\"},{\"@type\":\"Organization\",\"@id\":\"https:\\\/\\\/igienair.com\\\/#organization\",\"name\":\"Igienair\",\"url\":\"https:\\\/\\\/igienair.com\\\/\",\"logo\":{\"@type\":\"ImageObject\",\"inLanguage\":\"fr-LU\",\"@id\":\"https:\\\/\\\/igienair.com\\\/#\\\/schema\\\/logo\\\/image\\\/\",\"url\":\"https:\\\/\\\/igienair.com\\\/wp-content\\\/uploads\\\/2025\\\/05\\\/00-Logo_IGIENAIR_2025.png\",\"contentUrl\":\"https:\\\/\\\/igienair.com\\\/wp-content\\\/uploads\\\/2025\\\/05\\\/00-Logo_IGIENAIR_2025.png\",\"width\":1484,\"height\":892,\"caption\":\"Igienair\"},\"image\":{\"@id\":\"https:\\\/\\\/igienair.com\\\/#\\\/schema\\\/logo\\\/image\\\/\"},\"sameAs\":[\"https:\\\/\\\/www.linkedin.com\\\/company\\\/igienair\\\/?viewAsMember=true\"]}]}<\/script>\n<!-- \/ Yoast SEO plugin. -->","yoast_head_json":{"title":"Logement collectif - Igienair","description":"Maintenance et Optimisation \u00e9nerg\u00e9tique des syst\u00e8mes de ventilation pour les professionnels de logement collectif","robots":{"index":"index","follow":"follow","max-snippet":"max-snippet:-1","max-image-preview":"max-image-preview:large","max-video-preview":"max-video-preview:-1"},"canonical":"https:\/\/igienair.com\/lu\/be\/sectoren\/collectieve-woning\/","og_locale":"fr_FR","og_type":"article","og_title":"Logement collectif - Igienair","og_description":"Maintenance et Optimisation \u00e9nerg\u00e9tique des syst\u00e8mes de ventilation pour les professionnels de logement collectif","og_url":"https:\/\/igienair.com\/lu\/be\/sectoren\/collectieve-woning\/","og_site_name":"Igienair","article_modified_time":"2025-07-15T12:49:57+00:00","og_image":[{"width":2000,"height":1330,"url":"https:\/\/igienair.com\/wp-content\/uploads\/2025\/02\/secteur-residentiel.jpg","type":"image\/jpeg"}],"schema":{"@context":"https:\/\/schema.org","@graph":[{"@type":"WebPage","@id":"https:\/\/igienair.com\/be\/sectoren\/collectieve-woning\/","url":"https:\/\/igienair.com\/be\/sectoren\/collectieve-woning\/","name":"Logement collectif - Igienair","isPartOf":{"@id":"https:\/\/igienair.com\/#website"},"primaryImageOfPage":{"@id":"https:\/\/igienair.com\/be\/sectoren\/collectieve-woning\/#primaryimage"},"image":{"@id":"https:\/\/igienair.com\/be\/sectoren\/collectieve-woning\/#primaryimage"},"thumbnailUrl":"https:\/\/igienair.com\/wp-content\/uploads\/2025\/02\/secteur-residentiel.jpg","datePublished":"2025-01-15T09:21:53+00:00","dateModified":"2025-07-15T12:49:57+00:00","description":"Maintenance et Optimisation \u00e9nerg\u00e9tique des syst\u00e8mes de ventilation pour les professionnels de logement collectif","breadcrumb":{"@id":"https:\/\/igienair.com\/be\/sectoren\/collectieve-woning\/#breadcrumb"},"inLanguage":"fr-LU","potentialAction":[{"@type":"ReadAction","target":["https:\/\/igienair.com\/be\/sectoren\/collectieve-woning\/"]}]},{"@type":"ImageObject","inLanguage":"fr-LU","@id":"https:\/\/igienair.com\/be\/sectoren\/collectieve-woning\/#primaryimage","url":"https:\/\/igienair.com\/wp-content\/uploads\/2025\/02\/secteur-residentiel.jpg","contentUrl":"https:\/\/igienair.com\/wp-content\/uploads\/2025\/02\/secteur-residentiel.jpg","width":2000,"height":1330},{"@type":"BreadcrumbList","@id":"https:\/\/igienair.com\/be\/sectoren\/collectieve-woning\/#breadcrumb","itemListElement":[{"@type":"ListItem","position":1,"name":"Accueil","item":"https:\/\/igienair.com\/"},{"@type":"ListItem","position":2,"name":"Secteurs","item":"https:\/\/igienair.be\/secteurs\/"},{"@type":"ListItem","position":3,"name":"Logement collectif"}]},{"@type":"WebSite","@id":"https:\/\/igienair.com\/#website","url":"https:\/\/igienair.com\/","name":"Igienair","description":"Sp\u00e9cialiste de la qualit\u00e9 de l&#039;air int\u00e9rieur","publisher":{"@id":"https:\/\/igienair.com\/#organization"},"potentialAction":[{"@type":"SearchAction","target":{"@type":"EntryPoint","urlTemplate":"https:\/\/igienair.com\/?s={search_term_string}"},"query-input":{"@type":"PropertyValueSpecification","valueRequired":true,"valueName":"search_term_string"}}],"inLanguage":"fr-LU"},{"@type":"Organization","@id":"https:\/\/igienair.com\/#organization","name":"Igienair","url":"https:\/\/igienair.com\/","logo":{"@type":"ImageObject","inLanguage":"fr-LU","@id":"https:\/\/igienair.com\/#\/schema\/logo\/image\/","url":"https:\/\/igienair.com\/wp-content\/uploads\/2025\/05\/00-Logo_IGIENAIR_2025.png","contentUrl":"https:\/\/igienair.com\/wp-content\/uploads\/2025\/05\/00-Logo_IGIENAIR_2025.png","width":1484,"height":892,"caption":"Igienair"},"image":{"@id":"https:\/\/igienair.com\/#\/schema\/logo\/image\/"},"sameAs":["https:\/\/www.linkedin.com\/company\/igienair\/?viewAsMember=true"]}]}},"_links":{"self":[{"href":"https:\/\/igienair.com\/lu\/wp-json\/wp\/v2\/pages\/305","targetHints":{"allow":["GET"]}}],"collection":[{"href":"https:\/\/igienair.com\/lu\/wp-json\/wp\/v2\/pages"}],"about":[{"href":"https:\/\/igienair.com\/lu\/wp-json\/wp\/v2\/types\/page"}],"author":[{"embeddable":true,"href":"https:\/\/igienair.com\/lu\/wp-json\/wp\/v2\/users\/4"}],"replies":[{"embeddable":true,"href":"https:\/\/igienair.com\/lu\/wp-json\/wp\/v2\/comments?post=305"}],"version-history":[{"count":3,"href":"https:\/\/igienair.com\/lu\/wp-json\/wp\/v2\/pages\/305\/revisions"}],"predecessor-version":[{"id":15838,"href":"https:\/\/igienair.com\/lu\/wp-json\/wp\/v2\/pages\/305\/revisions\/15838"}],"up":[{"embeddable":true,"href":"https:\/\/igienair.com\/lu\/wp-json\/wp\/v2\/pages\/293"}],"wp:featuredmedia":[{"embeddable":true,"href":"https:\/\/igienair.com\/lu\/wp-json\/wp\/v2\/media\/1363"}],"wp:attachment":[{"href":"https:\/\/igienair.com\/lu\/wp-json\/wp\/v2\/media?parent=305"}],"wp:term":[{"taxonomy":"expertise","embeddable":true,"href":"https:\/\/igienair.com\/lu\/wp-json\/wp\/v2\/expertise?post=305"}],"curies":[{"name":"wp","href":"https:\/\/api.w.org\/{rel}","templated":true}]}}