{"id":303,"date":"2025-01-15T10:19:33","date_gmt":"2025-01-15T09:19:33","guid":{"rendered":"https:\/\/igienair.com\/?page_id=303"},"modified":"2026-02-18T09:28:05","modified_gmt":"2026-02-18T08:28:05","slug":"hotellerie-restauration","status":"publish","type":"page","link":"https:\/\/igienair.com\/lu\/secteurs\/hotellerie-restauration\/","title":{"rendered":"H\u00f4tellerie \/ Restauration"},"content":{"rendered":"<div data-elementor-type=\"wp-page\" data-elementor-id=\"303\" class=\"elementor elementor-303\" data-elementor-post-type=\"page\">\n\t\t\t\t<div class=\"elementor-element elementor-element-48bfdd83 e-flex e-con-boxed e-con e-parent\" data-id=\"48bfdd83\" data-element_type=\"container\" data-e-type=\"container\">\n\t\t\t\t\t<div class=\"e-con-inner\">\n\t\t\t\t<div class=\"elementor-element elementor-element-6e14aabb elementor-widget elementor-widget-text-editor\" data-id=\"6e14aabb\" data-element_type=\"widget\" data-e-type=\"widget\" data-widget_type=\"text-editor.default\">\n\t\t\t\t\t\t\t\t\t<h2>Un enjeu cl\u00e9 pour la s\u00e9curit\u00e9 et l\u2019hygi\u00e8ne<\/h2>\n<p>Dans le secteur de l\u2019h\u00f4tellerie et de la restauration, l\u2019entretien des r\u00e9seaux d\u2019extraction et de ventilation est une priorit\u00e9 pour r\u00e9pondre aux enjeux suivants :<\/p>\n<ul>\n<li>Assurer la conformit\u00e9 r\u00e9glementaire,<\/li>\n<li>Assurer la conformit\u00e9 sanitaire et,<\/li>\n<li>Pr\u00e9server la r\u00e9putation des \u00e9tablissements.<\/li>\n<\/ul>\n<p>En particulier, les cuisines professionnelles sont particuli\u00e8rement expos\u00e9es \u00e0 l\u2019accumulation de graisses et fum\u00e9es dans les syst\u00e8mes d\u2019extraction. Ceux-ci n\u00e9cessitent un d\u00e9graissage r\u00e9gulier pour pr\u00e9venir les risques d\u2019incendie et assurer une bonne qualit\u00e9 de l\u2019air.<\/p>\t\t\t\t\t\t\t\t<\/div>\n\t\t\t\t<div class=\"elementor-element elementor-element-394d3c0 photo elementor-widget elementor-widget-video\" data-id=\"394d3c0\" data-element_type=\"widget\" data-e-type=\"widget\" data-settings=\"{&quot;video_type&quot;:&quot;hosted&quot;,&quot;show_image_overlay&quot;:&quot;yes&quot;,&quot;image_overlay&quot;:{&quot;url&quot;:&quot;https:\\\/\\\/igienair.com\\\/wp-content\\\/uploads\\\/2026\\\/02\\\/placeholder-cuisine.jpg&quot;,&quot;id&quot;:17361,&quot;size&quot;:&quot;&quot;,&quot;alt&quot;:&quot;&quot;,&quot;source&quot;:&quot;library&quot;},&quot;lightbox&quot;:&quot;yes&quot;,&quot;lightbox_content_animation&quot;:&quot;zoomInDown&quot;,&quot;controls&quot;:&quot;yes&quot;}\" data-widget_type=\"video.default\">\n\t\t\t\t\t\t\t<div class=\"e-hosted-video elementor-wrapper elementor-open-lightbox\">\n\t\t\t\t\t\t\t<div class=\"elementor-custom-embed-image-overlay\" data-elementor-open-lightbox=\"yes\" data-elementor-lightbox=\"{&quot;type&quot;:&quot;video&quot;,&quot;videoType&quot;:&quot;hosted&quot;,&quot;url&quot;:&quot;https:\\\/\\\/igienair.com\\\/wp-content\\\/uploads\\\/2026\\\/02\\\/Video-institutionnelle-IGIENAIR-Grandes-Cuisines.mp4&quot;,&quot;autoplay&quot;:&quot;&quot;,&quot;modalOptions&quot;:{&quot;id&quot;:&quot;elementor-lightbox-394d3c0&quot;,&quot;entranceAnimation&quot;:&quot;zoomInDown&quot;,&quot;entranceAnimation_tablet&quot;:&quot;&quot;,&quot;entranceAnimation_mobile&quot;:&quot;&quot;,&quot;videoAspectRatio&quot;:&quot;169&quot;},&quot;videoParams&quot;:{&quot;controls&quot;:&quot;&quot;,&quot;preload&quot;:&quot;metadata&quot;,&quot;controlsList&quot;:&quot;nodownload&quot;,&quot;poster&quot;:&quot;https:\\\/\\\/igienair.com\\\/wp-content\\\/uploads\\\/2026\\\/02\\\/placeholder-cuisine.jpg&quot;}}\" data-e-action-hash=\"#elementor-action%3Aaction%3Dlightbox%26settings%3DeyJ0eXBlIjoidmlkZW8iLCJ2aWRlb1R5cGUiOiJob3N0ZWQiLCJ1cmwiOiJodHRwczpcL1wvaWdpZW5haXIuY29tXC93cC1jb250ZW50XC91cGxvYWRzXC8yMDI2XC8wMlwvVmlkZW8taW5zdGl0dXRpb25uZWxsZS1JR0lFTkFJUi1HcmFuZGVzLUN1aXNpbmVzLm1wNCIsImF1dG9wbGF5IjoiIiwibW9kYWxPcHRpb25zIjp7ImlkIjoiZWxlbWVudG9yLWxpZ2h0Ym94LTM5NGQzYzAiLCJlbnRyYW5jZUFuaW1hdGlvbiI6Inpvb21JbkRvd24iLCJlbnRyYW5jZUFuaW1hdGlvbl90YWJsZXQiOiIiLCJlbnRyYW5jZUFuaW1hdGlvbl9tb2JpbGUiOiIiLCJ2aWRlb0FzcGVjdFJhdGlvIjoiMTY5In0sInZpZGVvUGFyYW1zIjp7ImNvbnRyb2xzIjoiIiwicHJlbG9hZCI6Im1ldGFkYXRhIiwiY29udHJvbHNMaXN0Ijoibm9kb3dubG9hZCIsInBvc3RlciI6Imh0dHBzOlwvXC9pZ2llbmFpci5jb21cL3dwLWNvbnRlbnRcL3VwbG9hZHNcLzIwMjZcLzAyXC9wbGFjZWhvbGRlci1jdWlzaW5lLmpwZyJ9fQ%3D%3D\">\n\t\t\t\t\t\t\t\t\t\t\t<img fetchpriority=\"high\" decoding=\"async\" width=\"1920\" height=\"1080\" src=\"https:\/\/igienair.com\/wp-content\/uploads\/2026\/02\/placeholder-cuisine.jpg\" class=\"attachment-full size-full wp-image-17361\" alt=\"\" srcset=\"https:\/\/igienair.com\/wp-content\/uploads\/2026\/02\/placeholder-cuisine.jpg 1920w, https:\/\/igienair.com\/wp-content\/uploads\/2026\/02\/placeholder-cuisine-300x169.jpg 300w, https:\/\/igienair.com\/wp-content\/uploads\/2026\/02\/placeholder-cuisine-1024x576.jpg 1024w, https:\/\/igienair.com\/wp-content\/uploads\/2026\/02\/placeholder-cuisine-768x432.jpg 768w, https:\/\/igienair.com\/wp-content\/uploads\/2026\/02\/placeholder-cuisine-1536x864.jpg 1536w, https:\/\/igienair.com\/wp-content\/uploads\/2026\/02\/placeholder-cuisine-18x10.jpg 18w\" sizes=\"(max-width: 1920px) 100vw, 1920px\" \/>\t\t\t\t\t\t\t\t\t\t\t\t\t\t\t\t<div class=\"elementor-custom-embed-play\" role=\"button\" aria-label=\"Play Video\" tabindex=\"0\">\n\t\t\t\t\t\t\t<svg aria-hidden=\"true\" class=\"e-font-icon-svg e-fas-play-circle\" viewbox=\"0 0 512 512\" xmlns=\"http:\/\/www.w3.org\/2000\/svg\"><path d=\"M256 8C119 8 8 119 8 256s111 248 248 248 248-111 248-248S393 8 256 8zm115.7 272l-176 101c-15.8 8.8-35.7-2.5-35.7-21V152c0-18.4 19.8-29.8 35.7-21l176 107c16.4 9.2 16.4 32.9 0 42z\"><\/path><\/svg>\t\t\t\t\t\t<\/div>\n\t\t\t\t\t\t\t\t\t<\/div>\n\t\t\t\t\t<\/div>\n\t\t\t\t\t\t<\/div>\n\t\t\t\t<div class=\"elementor-element elementor-element-6132366 elementor-widget elementor-widget-text-editor\" data-id=\"6132366\" data-element_type=\"widget\" data-e-type=\"widget\" data-widget_type=\"text-editor.default\">\n\t\t\t\t\t\t\t\t\t<div class=\"wp-block-columns\">\n<p><\/p>\n<\/div>\n<p class=\"is-layout-flow wp-block-column-is-layout-flow\"><\/p>\n<h2 class=\"wp-block-heading h2visible\">Des obligations r\u00e9glementaires strictes<\/h2>\n<p><\/p>\n<p>L\u2019<a target=\"_blank\" rel=\"nofollow\" href=\"https:\/\/www.legifrance.gouv.fr\/codes\/article_lc\/LEGIARTI000020344053\/2022-02-06\">article GC 21<\/a> de l\u2019arr\u00eat\u00e9 du 25 juin 1980, modifi\u00e9 par l\u2019arr\u00eat\u00e9 du 10 octobre 2005, impose un entretien r\u00e9gulier des syst\u00e8mes d\u2019extraction et un remplacement hebdomadaire des filtres de hotte. IGIENAIR Grandes Cuisines assure la <a href=\"https:\/\/igienair.com\/lu\/expertise\/hygiene-aeraulique\/reseaux-dextraction-de-buees-grasses\/\">gestion de vos syst\u00e8mes d\u2019extraction de cuisines<\/a> : d\u00e9graissage des hottes, des moteurs d\u2019extraction, des gaines et remplacement des filtres.<\/p>\n<p><\/p>\n<h2 class=\"wp-block-heading h2visible\">Une ma\u00eetrise compl\u00e8te des syst\u00e8mes de ventilation<\/h2>\n<p><\/p>\n<p>Les \u00e9tablissements du secteur de l\u2019h\u00f4tellerie et de la restauration sont \u00e9galement dot\u00e9s d\u2019importants r\u00e9seaux de VMC (Ventilation M\u00e9canique Contr\u00f4l\u00e9e). Ils sont indispensables au bon renouvellement de l\u2019air int\u00e9rieur. Ces syst\u00e8mes permettent d\u2019assurer le confort des clients en r\u00e9duisant les mauvaises odeurs, l\u2019humidit\u00e9 excessive et l\u2019inconfort thermique.<\/p>\n<p><\/p>\n<p>Toutefois, une mauvaise gestion de ces installations peut entra\u00eener une accumulation de poussi\u00e8res et une d\u00e9gradation de la qualit\u00e9 de l\u2019air int\u00e9rieur. Les r\u00e9seaux de VMC s\u2019encrassent et perdent en efficacit\u00e9.<\/p>\n<p><\/p>\n<h2 class=\"wp-block-heading h2visible\">Des interventions adapt\u00e9es \u00e0 vos besoins<\/h2>\n<p><\/p>\n<p>Nos techniciens IGIENAIR r\u00e9alisent un audit complet des r\u00e9seaux de ventilation afin de v\u00e9rifier le bon fonctionnement des installations. Ils assurent la maintenance et l\u2019entretien des syst\u00e8mes a\u00e9rauliques et des unit\u00e9s de climatisation, de mani\u00e8re \u00e0 garantir des performances optimales et une meilleure qualit\u00e9 d\u2019air pour vos clients et employ\u00e9s.<\/p>\n<p><\/p>\t\t\t\t\t\t\t\t<\/div>\n\t\t\t\t\t<\/div>\n\t\t\t\t<\/div>\n\t\t\t\t<\/div>","protected":false},"excerpt":{"rendered":"<p>Un enjeu cl\u00e9 pour la s\u00e9curit\u00e9 et l\u2019hygi\u00e8ne Dans le secteur de l\u2019h\u00f4tellerie et de la restauration, l\u2019entretien des r\u00e9seaux d\u2019extraction et de ventilation est une priorit\u00e9 pour r\u00e9pondre aux enjeux suivants : Assurer la conformit\u00e9 r\u00e9glementaire, Assurer la conformit\u00e9 sanitaire et, Pr\u00e9server la r\u00e9putation des \u00e9tablissements. En particulier, les cuisines professionnelles sont particuli\u00e8rement expos\u00e9es [&hellip;]<\/p>\n","protected":false},"author":4,"featured_media":1364,"parent":293,"menu_order":0,"comment_status":"closed","ping_status":"closed","template":"","meta":{"_acf_changed":false,"footnotes":""},"expertise":[20],"class_list":["post-303","page","type-page","status-publish","has-post-thumbnail","hentry","expertise-secteurs"],"acf":[],"yoast_head":"<!-- This site is optimized with the Yoast SEO plugin v27.5 - https:\/\/yoast.com\/product\/yoast-seo-wordpress\/ -->\n<title>H\u00f4tellerie \/ Restauration - Igienair<\/title>\n<meta name=\"description\" content=\"IGIENAIR, le partenaire de confiance des professionnels de l&#039;h\u00f4tellerie et la restauration pour la maintenance des syst\u00e8mes de ventilation\" \/>\n<meta name=\"robots\" content=\"index, follow, max-snippet:-1, max-image-preview:large, max-video-preview:-1\" \/>\n<link rel=\"canonical\" href=\"https:\/\/igienair.com\/lu\/secteurs\/hotellerie-restauration\/\" \/>\n<meta property=\"og:locale\" content=\"fr_FR\" \/>\n<meta property=\"og:type\" content=\"article\" \/>\n<meta property=\"og:title\" content=\"H\u00f4tellerie \/ Restauration - Igienair\" \/>\n<meta property=\"og:description\" content=\"IGIENAIR, le partenaire de confiance des professionnels de l&#039;h\u00f4tellerie et la restauration pour la maintenance des syst\u00e8mes de ventilation\" \/>\n<meta property=\"og:url\" content=\"https:\/\/igienair.com\/lu\/secteurs\/hotellerie-restauration\/\" \/>\n<meta property=\"og:site_name\" content=\"Igienair\" \/>\n<meta property=\"article:modified_time\" content=\"2026-02-18T08:28:05+00:00\" \/>\n<meta property=\"og:image\" content=\"https:\/\/igienair.com\/wp-content\/uploads\/2025\/02\/secteur-restaurant.jpg\" \/>\n\t<meta property=\"og:image:width\" content=\"2000\" \/>\n\t<meta property=\"og:image:height\" content=\"1121\" \/>\n\t<meta property=\"og:image:type\" content=\"image\/jpeg\" \/>\n<script type=\"application\/ld+json\" class=\"yoast-schema-graph\">{\"@context\":\"https:\\\/\\\/schema.org\",\"@graph\":[{\"@type\":\"WebPage\",\"@id\":\"https:\\\/\\\/igienair.com\\\/secteurs\\\/hotellerie-restauration\\\/\",\"url\":\"https:\\\/\\\/igienair.com\\\/secteurs\\\/hotellerie-restauration\\\/\",\"name\":\"H\u00f4tellerie \\\/ Restauration - Igienair\",\"isPartOf\":{\"@id\":\"https:\\\/\\\/igienair.com\\\/#website\"},\"primaryImageOfPage\":{\"@id\":\"https:\\\/\\\/igienair.com\\\/secteurs\\\/hotellerie-restauration\\\/#primaryimage\"},\"image\":{\"@id\":\"https:\\\/\\\/igienair.com\\\/secteurs\\\/hotellerie-restauration\\\/#primaryimage\"},\"thumbnailUrl\":\"https:\\\/\\\/igienair.com\\\/wp-content\\\/uploads\\\/2025\\\/02\\\/secteur-restaurant.jpg\",\"datePublished\":\"2025-01-15T09:19:33+00:00\",\"dateModified\":\"2026-02-18T08:28:05+00:00\",\"description\":\"IGIENAIR, le partenaire de confiance des professionnels de l'h\u00f4tellerie et la restauration pour la maintenance des syst\u00e8mes de ventilation\",\"breadcrumb\":{\"@id\":\"https:\\\/\\\/igienair.com\\\/secteurs\\\/hotellerie-restauration\\\/#breadcrumb\"},\"inLanguage\":\"fr-LU\",\"potentialAction\":[{\"@type\":\"ReadAction\",\"target\":[\"https:\\\/\\\/igienair.com\\\/secteurs\\\/hotellerie-restauration\\\/\"]}]},{\"@type\":\"ImageObject\",\"inLanguage\":\"fr-LU\",\"@id\":\"https:\\\/\\\/igienair.com\\\/secteurs\\\/hotellerie-restauration\\\/#primaryimage\",\"url\":\"https:\\\/\\\/igienair.com\\\/wp-content\\\/uploads\\\/2025\\\/02\\\/secteur-restaurant.jpg\",\"contentUrl\":\"https:\\\/\\\/igienair.com\\\/wp-content\\\/uploads\\\/2025\\\/02\\\/secteur-restaurant.jpg\",\"width\":2000,\"height\":1121},{\"@type\":\"BreadcrumbList\",\"@id\":\"https:\\\/\\\/igienair.com\\\/secteurs\\\/hotellerie-restauration\\\/#breadcrumb\",\"itemListElement\":[{\"@type\":\"ListItem\",\"position\":1,\"name\":\"Accueil\",\"item\":\"https:\\\/\\\/igienair.com\\\/\"},{\"@type\":\"ListItem\",\"position\":2,\"name\":\"Secteurs\",\"item\":\"https:\\\/\\\/igienair.be\\\/secteurs\\\/\"},{\"@type\":\"ListItem\",\"position\":3,\"name\":\"H\u00f4tellerie \\\/ Restauration\"}]},{\"@type\":\"WebSite\",\"@id\":\"https:\\\/\\\/igienair.com\\\/#website\",\"url\":\"https:\\\/\\\/igienair.com\\\/\",\"name\":\"Igienair\",\"description\":\"Sp\u00e9cialiste de la qualit\u00e9 de l&#039;air int\u00e9rieur\",\"publisher\":{\"@id\":\"https:\\\/\\\/igienair.com\\\/#organization\"},\"potentialAction\":[{\"@type\":\"SearchAction\",\"target\":{\"@type\":\"EntryPoint\",\"urlTemplate\":\"https:\\\/\\\/igienair.com\\\/?s={search_term_string}\"},\"query-input\":{\"@type\":\"PropertyValueSpecification\",\"valueRequired\":true,\"valueName\":\"search_term_string\"}}],\"inLanguage\":\"fr-LU\"},{\"@type\":\"Organization\",\"@id\":\"https:\\\/\\\/igienair.com\\\/#organization\",\"name\":\"Igienair\",\"url\":\"https:\\\/\\\/igienair.com\\\/\",\"logo\":{\"@type\":\"ImageObject\",\"inLanguage\":\"fr-LU\",\"@id\":\"https:\\\/\\\/igienair.com\\\/#\\\/schema\\\/logo\\\/image\\\/\",\"url\":\"https:\\\/\\\/igienair.com\\\/wp-content\\\/uploads\\\/2025\\\/05\\\/00-Logo_IGIENAIR_2025.png\",\"contentUrl\":\"https:\\\/\\\/igienair.com\\\/wp-content\\\/uploads\\\/2025\\\/05\\\/00-Logo_IGIENAIR_2025.png\",\"width\":1484,\"height\":892,\"caption\":\"Igienair\"},\"image\":{\"@id\":\"https:\\\/\\\/igienair.com\\\/#\\\/schema\\\/logo\\\/image\\\/\"},\"sameAs\":[\"https:\\\/\\\/www.linkedin.com\\\/company\\\/igienair\\\/?viewAsMember=true\"]}]}<\/script>\n<!-- \/ Yoast SEO plugin. -->","yoast_head_json":{"title":"H\u00f4tellerie \/ Restauration - Igienair","description":"IGIENAIR, le partenaire de confiance des professionnels de l'h\u00f4tellerie et la restauration pour la maintenance des syst\u00e8mes de ventilation","robots":{"index":"index","follow":"follow","max-snippet":"max-snippet:-1","max-image-preview":"max-image-preview:large","max-video-preview":"max-video-preview:-1"},"canonical":"https:\/\/igienair.com\/lu\/secteurs\/hotellerie-restauration\/","og_locale":"fr_FR","og_type":"article","og_title":"H\u00f4tellerie \/ Restauration - Igienair","og_description":"IGIENAIR, le partenaire de confiance des professionnels de l'h\u00f4tellerie et la restauration pour la maintenance des syst\u00e8mes de ventilation","og_url":"https:\/\/igienair.com\/lu\/secteurs\/hotellerie-restauration\/","og_site_name":"Igienair","article_modified_time":"2026-02-18T08:28:05+00:00","og_image":[{"width":2000,"height":1121,"url":"https:\/\/igienair.com\/wp-content\/uploads\/2025\/02\/secteur-restaurant.jpg","type":"image\/jpeg"}],"schema":{"@context":"https:\/\/schema.org","@graph":[{"@type":"WebPage","@id":"https:\/\/igienair.com\/secteurs\/hotellerie-restauration\/","url":"https:\/\/igienair.com\/secteurs\/hotellerie-restauration\/","name":"H\u00f4tellerie \/ Restauration - Igienair","isPartOf":{"@id":"https:\/\/igienair.com\/#website"},"primaryImageOfPage":{"@id":"https:\/\/igienair.com\/secteurs\/hotellerie-restauration\/#primaryimage"},"image":{"@id":"https:\/\/igienair.com\/secteurs\/hotellerie-restauration\/#primaryimage"},"thumbnailUrl":"https:\/\/igienair.com\/wp-content\/uploads\/2025\/02\/secteur-restaurant.jpg","datePublished":"2025-01-15T09:19:33+00:00","dateModified":"2026-02-18T08:28:05+00:00","description":"IGIENAIR, le partenaire de confiance des professionnels de l'h\u00f4tellerie et la restauration pour la maintenance des syst\u00e8mes de ventilation","breadcrumb":{"@id":"https:\/\/igienair.com\/secteurs\/hotellerie-restauration\/#breadcrumb"},"inLanguage":"fr-LU","potentialAction":[{"@type":"ReadAction","target":["https:\/\/igienair.com\/secteurs\/hotellerie-restauration\/"]}]},{"@type":"ImageObject","inLanguage":"fr-LU","@id":"https:\/\/igienair.com\/secteurs\/hotellerie-restauration\/#primaryimage","url":"https:\/\/igienair.com\/wp-content\/uploads\/2025\/02\/secteur-restaurant.jpg","contentUrl":"https:\/\/igienair.com\/wp-content\/uploads\/2025\/02\/secteur-restaurant.jpg","width":2000,"height":1121},{"@type":"BreadcrumbList","@id":"https:\/\/igienair.com\/secteurs\/hotellerie-restauration\/#breadcrumb","itemListElement":[{"@type":"ListItem","position":1,"name":"Accueil","item":"https:\/\/igienair.com\/"},{"@type":"ListItem","position":2,"name":"Secteurs","item":"https:\/\/igienair.be\/secteurs\/"},{"@type":"ListItem","position":3,"name":"H\u00f4tellerie \/ Restauration"}]},{"@type":"WebSite","@id":"https:\/\/igienair.com\/#website","url":"https:\/\/igienair.com\/","name":"Igienair","description":"Sp\u00e9cialiste de la qualit\u00e9 de l&#039;air int\u00e9rieur","publisher":{"@id":"https:\/\/igienair.com\/#organization"},"potentialAction":[{"@type":"SearchAction","target":{"@type":"EntryPoint","urlTemplate":"https:\/\/igienair.com\/?s={search_term_string}"},"query-input":{"@type":"PropertyValueSpecification","valueRequired":true,"valueName":"search_term_string"}}],"inLanguage":"fr-LU"},{"@type":"Organization","@id":"https:\/\/igienair.com\/#organization","name":"Igienair","url":"https:\/\/igienair.com\/","logo":{"@type":"ImageObject","inLanguage":"fr-LU","@id":"https:\/\/igienair.com\/#\/schema\/logo\/image\/","url":"https:\/\/igienair.com\/wp-content\/uploads\/2025\/05\/00-Logo_IGIENAIR_2025.png","contentUrl":"https:\/\/igienair.com\/wp-content\/uploads\/2025\/05\/00-Logo_IGIENAIR_2025.png","width":1484,"height":892,"caption":"Igienair"},"image":{"@id":"https:\/\/igienair.com\/#\/schema\/logo\/image\/"},"sameAs":["https:\/\/www.linkedin.com\/company\/igienair\/?viewAsMember=true"]}]}},"_links":{"self":[{"href":"https:\/\/igienair.com\/lu\/wp-json\/wp\/v2\/pages\/303","targetHints":{"allow":["GET"]}}],"collection":[{"href":"https:\/\/igienair.com\/lu\/wp-json\/wp\/v2\/pages"}],"about":[{"href":"https:\/\/igienair.com\/lu\/wp-json\/wp\/v2\/types\/page"}],"author":[{"embeddable":true,"href":"https:\/\/igienair.com\/lu\/wp-json\/wp\/v2\/users\/4"}],"replies":[{"embeddable":true,"href":"https:\/\/igienair.com\/lu\/wp-json\/wp\/v2\/comments?post=303"}],"version-history":[{"count":3,"href":"https:\/\/igienair.com\/lu\/wp-json\/wp\/v2\/pages\/303\/revisions"}],"predecessor-version":[{"id":17370,"href":"https:\/\/igienair.com\/lu\/wp-json\/wp\/v2\/pages\/303\/revisions\/17370"}],"up":[{"embeddable":true,"href":"https:\/\/igienair.com\/lu\/wp-json\/wp\/v2\/pages\/293"}],"wp:featuredmedia":[{"embeddable":true,"href":"https:\/\/igienair.com\/lu\/wp-json\/wp\/v2\/media\/1364"}],"wp:attachment":[{"href":"https:\/\/igienair.com\/lu\/wp-json\/wp\/v2\/media?parent=303"}],"wp:term":[{"taxonomy":"expertise","embeddable":true,"href":"https:\/\/igienair.com\/lu\/wp-json\/wp\/v2\/expertise?post=303"}],"curies":[{"name":"wp","href":"https:\/\/api.w.org\/{rel}","templated":true}]}}