{"id":295,"date":"2025-01-15T10:15:43","date_gmt":"2025-01-15T09:15:43","guid":{"rendered":"https:\/\/igienair.com\/?page_id=295"},"modified":"2025-07-16T11:36:14","modified_gmt":"2025-07-16T09:36:14","slug":"sante","status":"publish","type":"page","link":"https:\/\/igienair.com\/lu\/secteurs\/sante\/","title":{"rendered":"Sant\u00e9"},"content":{"rendered":"<div data-elementor-type=\"wp-page\" data-elementor-id=\"295\" class=\"elementor elementor-295\" data-elementor-post-type=\"page\">\n\t\t\t\t<div class=\"elementor-element elementor-element-445589e4 e-flex e-con-boxed e-con e-parent\" data-id=\"445589e4\" data-element_type=\"container\" data-e-type=\"container\">\n\t\t\t\t\t<div class=\"e-con-inner\">\n\t\t\t\t<div class=\"elementor-element elementor-element-28c2ca1a elementor-widget elementor-widget-text-editor\" data-id=\"28c2ca1a\" data-element_type=\"widget\" data-e-type=\"widget\" data-widget_type=\"text-editor.default\">\n\t\t\t\t\t\t\t\t\t<h2>Un enjeu sanitaire majeur<\/h2>\n<p>Dans le secteur de la <a target=\"_blank\" rel=\"nofollow\" href=\"https:\/\/www.vie-publique.fr\/fiches\/37864-quest-ce-quun-etablissement-de-sante\">sant\u00e9<\/a>, la qualit\u00e9 de l\u2019air int\u00e9rieur est un enjeu majeur pour garantir la s\u00e9curit\u00e9 des patients et du personnel m\u00e9dical. Les h\u00f4pitaux, cliniques, EHPAD, laboratoires et autres \u00e9tablissements de soins doivent garantir un environnement exempt de polluants pour \u00e9viter la transmission d\u2019infections nosocomiales et prot\u00e9ger les patients vuln\u00e9rables.<\/p>\n<h2>Ma\u00eetriser la ventilation et les risques a\u00e9rauliques<\/h2>\n<p>La ma\u00eetrise de la ventilation et des r\u00e9seaux a\u00e9rauliques est essentielle pour limiter la prolif\u00e9ration de virus, bact\u00e9ries et contaminants a\u00e9roport\u00e9s. De plus, les exigences r\u00e9glementaires imposent des protocoles stricts de contr\u00f4le et de d\u00e9sinfection des syst\u00e8mes de traitement d\u2019air (CTA, filtration HEPA).<\/p>\n<h2>Accompagnement et solutions sur mesure<\/h2>\n<p>Avec des interventions cibl\u00e9es et des diagnostics pr\u00e9cis, IGIENAIR accompagne les \u00e9tablissements de sant\u00e9 dans l\u2019optimisation de la qualit\u00e9 de l\u2019air. Gr\u00e2ce \u00e0 des audits r\u00e9guliers et des\u00a0<a href=\"https:\/\/igienair.com\/lu\/expertises\/controle-aeraulique\/qualification-salles-propres\/\" target=\"_blank\" rel=\"noopener\">solutions adapt\u00e9es<\/a>, nous garantissons la performance et la conformit\u00e9 des installations.<\/p>\n<p><\/p>\n<p><\/p>\t\t\t\t\t\t\t\t<\/div>\n\t\t\t\t\t<\/div>\n\t\t\t\t<\/div>\n\t\t\t\t<\/div>","protected":false},"excerpt":{"rendered":"<p>Un enjeu sanitaire majeur Dans le secteur de la sant\u00e9, la qualit\u00e9 de l\u2019air int\u00e9rieur est un enjeu majeur pour garantir la s\u00e9curit\u00e9 des patients et du personnel m\u00e9dical. Les h\u00f4pitaux, cliniques, EHPAD, laboratoires et autres \u00e9tablissements de soins doivent garantir un environnement exempt de polluants pour \u00e9viter la transmission d\u2019infections nosocomiales et prot\u00e9ger les [&hellip;]<\/p>\n","protected":false},"author":4,"featured_media":1348,"parent":293,"menu_order":0,"comment_status":"closed","ping_status":"closed","template":"","meta":{"_acf_changed":false,"footnotes":""},"expertise":[20],"class_list":["post-295","page","type-page","status-publish","has-post-thumbnail","hentry","expertise-secteurs"],"acf":[],"yoast_head":"<!-- This site is optimized with the Yoast SEO plugin v27.5 - https:\/\/yoast.com\/product\/yoast-seo-wordpress\/ -->\n<title>Sant\u00e9 - Igienair<\/title>\n<meta name=\"description\" content=\"IGIENAIR accompagne les \u00e9tablissements de sant\u00e9 pour garantir une qualit\u00e9 d\u2019air optimale et un environnement s\u00fbr et conforme aux normes.\" \/>\n<meta name=\"robots\" content=\"index, follow, max-snippet:-1, max-image-preview:large, max-video-preview:-1\" \/>\n<link rel=\"canonical\" href=\"https:\/\/igienair.be\/be\/sectoren\/gezondheid\/\" \/>\n<meta property=\"og:locale\" content=\"fr_FR\" \/>\n<meta property=\"og:type\" content=\"article\" \/>\n<meta property=\"og:title\" content=\"Sant\u00e9 - Igienair\" \/>\n<meta property=\"og:description\" content=\"IGIENAIR accompagne les \u00e9tablissements de sant\u00e9 pour garantir une qualit\u00e9 d\u2019air optimale et un environnement s\u00fbr et conforme aux normes.\" \/>\n<meta property=\"og:url\" content=\"https:\/\/igienair.be\/be\/sectoren\/gezondheid\/\" \/>\n<meta property=\"og:site_name\" content=\"Igienair\" \/>\n<meta property=\"article:modified_time\" content=\"2025-07-16T09:36:14+00:00\" \/>\n<meta property=\"og:image\" content=\"https:\/\/igienair.be\/wp-content\/uploads\/2025\/02\/secteur-sante.jpg\" \/>\n\t<meta property=\"og:image:width\" content=\"2000\" \/>\n\t<meta property=\"og:image:height\" content=\"1333\" \/>\n\t<meta property=\"og:image:type\" content=\"image\/jpeg\" \/>\n<script type=\"application\/ld+json\" class=\"yoast-schema-graph\">{\"@context\":\"https:\\\/\\\/schema.org\",\"@graph\":[{\"@type\":\"WebPage\",\"@id\":\"https:\\\/\\\/igienair.be\\\/be\\\/sectoren\\\/gezondheid\\\/\",\"url\":\"https:\\\/\\\/igienair.be\\\/be\\\/sectoren\\\/gezondheid\\\/\",\"name\":\"Sant\u00e9 - Igienair\",\"isPartOf\":{\"@id\":\"https:\\\/\\\/igienair.com\\\/#website\"},\"primaryImageOfPage\":{\"@id\":\"https:\\\/\\\/igienair.be\\\/be\\\/sectoren\\\/gezondheid\\\/#primaryimage\"},\"image\":{\"@id\":\"https:\\\/\\\/igienair.be\\\/be\\\/sectoren\\\/gezondheid\\\/#primaryimage\"},\"thumbnailUrl\":\"https:\\\/\\\/igienair.com\\\/wp-content\\\/uploads\\\/2025\\\/02\\\/secteur-sante.jpg\",\"datePublished\":\"2025-01-15T09:15:43+00:00\",\"dateModified\":\"2025-07-16T09:36:14+00:00\",\"description\":\"IGIENAIR accompagne les \u00e9tablissements de sant\u00e9 pour garantir une qualit\u00e9 d\u2019air optimale et un environnement s\u00fbr et conforme aux normes.\",\"breadcrumb\":{\"@id\":\"https:\\\/\\\/igienair.be\\\/be\\\/sectoren\\\/gezondheid\\\/#breadcrumb\"},\"inLanguage\":\"fr-LU\",\"potentialAction\":[{\"@type\":\"ReadAction\",\"target\":[\"https:\\\/\\\/igienair.be\\\/be\\\/sectoren\\\/gezondheid\\\/\"]}]},{\"@type\":\"ImageObject\",\"inLanguage\":\"fr-LU\",\"@id\":\"https:\\\/\\\/igienair.be\\\/be\\\/sectoren\\\/gezondheid\\\/#primaryimage\",\"url\":\"https:\\\/\\\/igienair.com\\\/wp-content\\\/uploads\\\/2025\\\/02\\\/secteur-sante.jpg\",\"contentUrl\":\"https:\\\/\\\/igienair.com\\\/wp-content\\\/uploads\\\/2025\\\/02\\\/secteur-sante.jpg\",\"width\":2000,\"height\":1333},{\"@type\":\"BreadcrumbList\",\"@id\":\"https:\\\/\\\/igienair.be\\\/be\\\/sectoren\\\/gezondheid\\\/#breadcrumb\",\"itemListElement\":[{\"@type\":\"ListItem\",\"position\":1,\"name\":\"Accueil\",\"item\":\"https:\\\/\\\/igienair.com\\\/\"},{\"@type\":\"ListItem\",\"position\":2,\"name\":\"Secteurs\",\"item\":\"https:\\\/\\\/igienair.be\\\/secteurs\\\/\"},{\"@type\":\"ListItem\",\"position\":3,\"name\":\"Sant\u00e9\"}]},{\"@type\":\"WebSite\",\"@id\":\"https:\\\/\\\/igienair.com\\\/#website\",\"url\":\"https:\\\/\\\/igienair.com\\\/\",\"name\":\"Igienair\",\"description\":\"Sp\u00e9cialiste de la qualit\u00e9 de l&#039;air int\u00e9rieur\",\"publisher\":{\"@id\":\"https:\\\/\\\/igienair.com\\\/#organization\"},\"potentialAction\":[{\"@type\":\"SearchAction\",\"target\":{\"@type\":\"EntryPoint\",\"urlTemplate\":\"https:\\\/\\\/igienair.com\\\/?s={search_term_string}\"},\"query-input\":{\"@type\":\"PropertyValueSpecification\",\"valueRequired\":true,\"valueName\":\"search_term_string\"}}],\"inLanguage\":\"fr-LU\"},{\"@type\":\"Organization\",\"@id\":\"https:\\\/\\\/igienair.com\\\/#organization\",\"name\":\"Igienair\",\"url\":\"https:\\\/\\\/igienair.com\\\/\",\"logo\":{\"@type\":\"ImageObject\",\"inLanguage\":\"fr-LU\",\"@id\":\"https:\\\/\\\/igienair.com\\\/#\\\/schema\\\/logo\\\/image\\\/\",\"url\":\"https:\\\/\\\/igienair.com\\\/wp-content\\\/uploads\\\/2025\\\/05\\\/00-Logo_IGIENAIR_2025.png\",\"contentUrl\":\"https:\\\/\\\/igienair.com\\\/wp-content\\\/uploads\\\/2025\\\/05\\\/00-Logo_IGIENAIR_2025.png\",\"width\":1484,\"height\":892,\"caption\":\"Igienair\"},\"image\":{\"@id\":\"https:\\\/\\\/igienair.com\\\/#\\\/schema\\\/logo\\\/image\\\/\"},\"sameAs\":[\"https:\\\/\\\/www.linkedin.com\\\/company\\\/igienair\\\/?viewAsMember=true\"]}]}<\/script>\n<!-- \/ Yoast SEO plugin. -->","yoast_head_json":{"title":"Sant\u00e9 - Igienair","description":"IGIENAIR accompagne les \u00e9tablissements de sant\u00e9 pour garantir une qualit\u00e9 d\u2019air optimale et un environnement s\u00fbr et conforme aux normes.","robots":{"index":"index","follow":"follow","max-snippet":"max-snippet:-1","max-image-preview":"max-image-preview:large","max-video-preview":"max-video-preview:-1"},"canonical":"https:\/\/igienair.be\/be\/sectoren\/gezondheid\/","og_locale":"fr_FR","og_type":"article","og_title":"Sant\u00e9 - Igienair","og_description":"IGIENAIR accompagne les \u00e9tablissements de sant\u00e9 pour garantir une qualit\u00e9 d\u2019air optimale et un environnement s\u00fbr et conforme aux normes.","og_url":"https:\/\/igienair.be\/be\/sectoren\/gezondheid\/","og_site_name":"Igienair","article_modified_time":"2025-07-16T09:36:14+00:00","og_image":[{"width":2000,"height":1333,"url":"https:\/\/igienair.be\/wp-content\/uploads\/2025\/02\/secteur-sante.jpg","type":"image\/jpeg"}],"schema":{"@context":"https:\/\/schema.org","@graph":[{"@type":"WebPage","@id":"https:\/\/igienair.be\/be\/sectoren\/gezondheid\/","url":"https:\/\/igienair.be\/be\/sectoren\/gezondheid\/","name":"Sant\u00e9 - Igienair","isPartOf":{"@id":"https:\/\/igienair.com\/#website"},"primaryImageOfPage":{"@id":"https:\/\/igienair.be\/be\/sectoren\/gezondheid\/#primaryimage"},"image":{"@id":"https:\/\/igienair.be\/be\/sectoren\/gezondheid\/#primaryimage"},"thumbnailUrl":"https:\/\/igienair.com\/wp-content\/uploads\/2025\/02\/secteur-sante.jpg","datePublished":"2025-01-15T09:15:43+00:00","dateModified":"2025-07-16T09:36:14+00:00","description":"IGIENAIR accompagne les \u00e9tablissements de sant\u00e9 pour garantir une qualit\u00e9 d\u2019air optimale et un environnement s\u00fbr et conforme aux normes.","breadcrumb":{"@id":"https:\/\/igienair.be\/be\/sectoren\/gezondheid\/#breadcrumb"},"inLanguage":"fr-LU","potentialAction":[{"@type":"ReadAction","target":["https:\/\/igienair.be\/be\/sectoren\/gezondheid\/"]}]},{"@type":"ImageObject","inLanguage":"fr-LU","@id":"https:\/\/igienair.be\/be\/sectoren\/gezondheid\/#primaryimage","url":"https:\/\/igienair.com\/wp-content\/uploads\/2025\/02\/secteur-sante.jpg","contentUrl":"https:\/\/igienair.com\/wp-content\/uploads\/2025\/02\/secteur-sante.jpg","width":2000,"height":1333},{"@type":"BreadcrumbList","@id":"https:\/\/igienair.be\/be\/sectoren\/gezondheid\/#breadcrumb","itemListElement":[{"@type":"ListItem","position":1,"name":"Accueil","item":"https:\/\/igienair.com\/"},{"@type":"ListItem","position":2,"name":"Secteurs","item":"https:\/\/igienair.be\/secteurs\/"},{"@type":"ListItem","position":3,"name":"Sant\u00e9"}]},{"@type":"WebSite","@id":"https:\/\/igienair.com\/#website","url":"https:\/\/igienair.com\/","name":"Igienair","description":"Sp\u00e9cialiste de la qualit\u00e9 de l&#039;air int\u00e9rieur","publisher":{"@id":"https:\/\/igienair.com\/#organization"},"potentialAction":[{"@type":"SearchAction","target":{"@type":"EntryPoint","urlTemplate":"https:\/\/igienair.com\/?s={search_term_string}"},"query-input":{"@type":"PropertyValueSpecification","valueRequired":true,"valueName":"search_term_string"}}],"inLanguage":"fr-LU"},{"@type":"Organization","@id":"https:\/\/igienair.com\/#organization","name":"Igienair","url":"https:\/\/igienair.com\/","logo":{"@type":"ImageObject","inLanguage":"fr-LU","@id":"https:\/\/igienair.com\/#\/schema\/logo\/image\/","url":"https:\/\/igienair.com\/wp-content\/uploads\/2025\/05\/00-Logo_IGIENAIR_2025.png","contentUrl":"https:\/\/igienair.com\/wp-content\/uploads\/2025\/05\/00-Logo_IGIENAIR_2025.png","width":1484,"height":892,"caption":"Igienair"},"image":{"@id":"https:\/\/igienair.com\/#\/schema\/logo\/image\/"},"sameAs":["https:\/\/www.linkedin.com\/company\/igienair\/?viewAsMember=true"]}]}},"_links":{"self":[{"href":"https:\/\/igienair.com\/lu\/wp-json\/wp\/v2\/pages\/295","targetHints":{"allow":["GET"]}}],"collection":[{"href":"https:\/\/igienair.com\/lu\/wp-json\/wp\/v2\/pages"}],"about":[{"href":"https:\/\/igienair.com\/lu\/wp-json\/wp\/v2\/types\/page"}],"author":[{"embeddable":true,"href":"https:\/\/igienair.com\/lu\/wp-json\/wp\/v2\/users\/4"}],"replies":[{"embeddable":true,"href":"https:\/\/igienair.com\/lu\/wp-json\/wp\/v2\/comments?post=295"}],"version-history":[{"count":3,"href":"https:\/\/igienair.com\/lu\/wp-json\/wp\/v2\/pages\/295\/revisions"}],"predecessor-version":[{"id":15963,"href":"https:\/\/igienair.com\/lu\/wp-json\/wp\/v2\/pages\/295\/revisions\/15963"}],"up":[{"embeddable":true,"href":"https:\/\/igienair.com\/lu\/wp-json\/wp\/v2\/pages\/293"}],"wp:featuredmedia":[{"embeddable":true,"href":"https:\/\/igienair.com\/lu\/wp-json\/wp\/v2\/media\/1348"}],"wp:attachment":[{"href":"https:\/\/igienair.com\/lu\/wp-json\/wp\/v2\/media?parent=295"}],"wp:term":[{"taxonomy":"expertise","embeddable":true,"href":"https:\/\/igienair.com\/lu\/wp-json\/wp\/v2\/expertise?post=295"}],"curies":[{"name":"wp","href":"https:\/\/api.w.org\/{rel}","templated":true}]}}