{"id":2302,"date":"2025-03-12T15:38:06","date_gmt":"2025-03-12T14:38:06","guid":{"rendered":"https:\/\/igienair.com\/?page_id=2302"},"modified":"2025-03-12T15:40:04","modified_gmt":"2025-03-12T14:40:04","slug":"test-2","status":"publish","type":"page","link":"https:\/\/igienair.com\/lu\/test-2\/","title":{"rendered":"test"},"content":{"rendered":"<div data-elementor-type=\"wp-page\" data-elementor-id=\"2302\" class=\"elementor elementor-2302\" data-elementor-post-type=\"page\">\n\t\t\t\t<div class=\"elementor-element elementor-element-3481249 e-flex e-con-boxed e-con e-parent\" data-id=\"3481249\" data-element_type=\"container\" data-e-type=\"container\">\n\t\t\t\t\t<div class=\"e-con-inner\">\n\t\t\t\t<div class=\"elementor-element elementor-element-d371415 elementor-widget elementor-widget-image\" data-id=\"d371415\" data-element_type=\"widget\" data-e-type=\"widget\" data-widget_type=\"image.default\">\n\t\t\t\t\t\t\t\t\t\t\t\t\t\t\t<img decoding=\"async\" src=\"https:\/\/igienair.com\/wp-content\/uploads\/2025\/03\/fr.svg\" title=\"\" alt=\"\" loading=\"lazy\" \/>\t\t\t\t\t\t\t\t\t\t\t\t\t\t\t<\/div>\n\t\t\t\t\t<\/div>\n\t\t\t\t<\/div>\n\t\t\t\t<\/div>","protected":false},"excerpt":{"rendered":"","protected":false},"author":4,"featured_media":0,"parent":0,"menu_order":0,"comment_status":"closed","ping_status":"closed","template":"elementor_header_footer","meta":{"_acf_changed":false,"footnotes":""},"expertise":[],"class_list":["post-2302","page","type-page","status-publish","hentry"],"acf":[],"yoast_head":"<!-- This site is optimized with the Yoast SEO plugin v27.3 - https:\/\/yoast.com\/product\/yoast-seo-wordpress\/ -->\n<title>test - Igienair<\/title>\n<meta name=\"robots\" content=\"index, follow, max-snippet:-1, max-image-preview:large, max-video-preview:-1\" \/>\n<link rel=\"canonical\" href=\"https:\/\/igienair.com\/lu\/test-2\/\" \/>\n<meta property=\"og:locale\" content=\"fr_FR\" \/>\n<meta property=\"og:type\" content=\"article\" \/>\n<meta property=\"og:title\" content=\"test - Igienair\" \/>\n<meta property=\"og:url\" content=\"https:\/\/igienair.com\/lu\/test-2\/\" \/>\n<meta property=\"og:site_name\" content=\"Igienair\" \/>\n<meta property=\"article:modified_time\" content=\"2025-03-12T14:40:04+00:00\" \/>\n<meta property=\"og:image\" content=\"https:\/\/igienair.com\/wp-content\/uploads\/2025\/03\/fr.svg\" \/>\n<script type=\"application\/ld+json\" class=\"yoast-schema-graph\">{\"@context\":\"https:\\\/\\\/schema.org\",\"@graph\":[{\"@type\":\"WebPage\",\"@id\":\"https:\\\/\\\/igienair.com\\\/test-2\\\/\",\"url\":\"https:\\\/\\\/igienair.com\\\/test-2\\\/\",\"name\":\"test - Igienair\",\"isPartOf\":{\"@id\":\"https:\\\/\\\/igienair.com\\\/#website\"},\"primaryImageOfPage\":{\"@id\":\"https:\\\/\\\/igienair.com\\\/test-2\\\/#primaryimage\"},\"image\":{\"@id\":\"https:\\\/\\\/igienair.com\\\/test-2\\\/#primaryimage\"},\"thumbnailUrl\":\"https:\\\/\\\/igienair.com\\\/wp-content\\\/uploads\\\/2025\\\/03\\\/fr.svg\",\"datePublished\":\"2025-03-12T14:38:06+00:00\",\"dateModified\":\"2025-03-12T14:40:04+00:00\",\"breadcrumb\":{\"@id\":\"https:\\\/\\\/igienair.com\\\/test-2\\\/#breadcrumb\"},\"inLanguage\":\"fr-LU\",\"potentialAction\":[{\"@type\":\"ReadAction\",\"target\":[\"https:\\\/\\\/igienair.com\\\/test-2\\\/\"]}]},{\"@type\":\"ImageObject\",\"inLanguage\":\"fr-LU\",\"@id\":\"https:\\\/\\\/igienair.com\\\/test-2\\\/#primaryimage\",\"url\":\"https:\\\/\\\/igienair.com\\\/wp-content\\\/uploads\\\/2025\\\/03\\\/fr.svg\",\"contentUrl\":\"https:\\\/\\\/igienair.com\\\/wp-content\\\/uploads\\\/2025\\\/03\\\/fr.svg\"},{\"@type\":\"BreadcrumbList\",\"@id\":\"https:\\\/\\\/igienair.com\\\/test-2\\\/#breadcrumb\",\"itemListElement\":[{\"@type\":\"ListItem\",\"position\":1,\"name\":\"Accueil\",\"item\":\"https:\\\/\\\/igienair.com\\\/\"},{\"@type\":\"ListItem\",\"position\":2,\"name\":\"test\"}]},{\"@type\":\"WebSite\",\"@id\":\"https:\\\/\\\/igienair.com\\\/#website\",\"url\":\"https:\\\/\\\/igienair.com\\\/\",\"name\":\"Igienair\",\"description\":\"Sp\u00e9cialiste de la qualit\u00e9 de l&#039;air int\u00e9rieur\",\"publisher\":{\"@id\":\"https:\\\/\\\/igienair.com\\\/#organization\"},\"potentialAction\":[{\"@type\":\"SearchAction\",\"target\":{\"@type\":\"EntryPoint\",\"urlTemplate\":\"https:\\\/\\\/igienair.com\\\/?s={search_term_string}\"},\"query-input\":{\"@type\":\"PropertyValueSpecification\",\"valueRequired\":true,\"valueName\":\"search_term_string\"}}],\"inLanguage\":\"fr-LU\"},{\"@type\":\"Organization\",\"@id\":\"https:\\\/\\\/igienair.com\\\/#organization\",\"name\":\"Igienair\",\"url\":\"https:\\\/\\\/igienair.com\\\/\",\"logo\":{\"@type\":\"ImageObject\",\"inLanguage\":\"fr-LU\",\"@id\":\"https:\\\/\\\/igienair.com\\\/#\\\/schema\\\/logo\\\/image\\\/\",\"url\":\"https:\\\/\\\/igienair.com\\\/wp-content\\\/uploads\\\/2025\\\/05\\\/00-Logo_IGIENAIR_2025.png\",\"contentUrl\":\"https:\\\/\\\/igienair.com\\\/wp-content\\\/uploads\\\/2025\\\/05\\\/00-Logo_IGIENAIR_2025.png\",\"width\":1484,\"height\":892,\"caption\":\"Igienair\"},\"image\":{\"@id\":\"https:\\\/\\\/igienair.com\\\/#\\\/schema\\\/logo\\\/image\\\/\"},\"sameAs\":[\"https:\\\/\\\/www.linkedin.com\\\/company\\\/igienair\\\/?viewAsMember=true\"]}]}<\/script>\n<!-- \/ Yoast SEO plugin. -->","yoast_head_json":{"title":"test - Igienair","robots":{"index":"index","follow":"follow","max-snippet":"max-snippet:-1","max-image-preview":"max-image-preview:large","max-video-preview":"max-video-preview:-1"},"canonical":"https:\/\/igienair.com\/lu\/test-2\/","og_locale":"fr_FR","og_type":"article","og_title":"test - Igienair","og_url":"https:\/\/igienair.com\/lu\/test-2\/","og_site_name":"Igienair","article_modified_time":"2025-03-12T14:40:04+00:00","og_image":[{"url":"https:\/\/igienair.com\/wp-content\/uploads\/2025\/03\/fr.svg","type":"","width":"","height":""}],"schema":{"@context":"https:\/\/schema.org","@graph":[{"@type":"WebPage","@id":"https:\/\/igienair.com\/test-2\/","url":"https:\/\/igienair.com\/test-2\/","name":"test - Igienair","isPartOf":{"@id":"https:\/\/igienair.com\/#website"},"primaryImageOfPage":{"@id":"https:\/\/igienair.com\/test-2\/#primaryimage"},"image":{"@id":"https:\/\/igienair.com\/test-2\/#primaryimage"},"thumbnailUrl":"https:\/\/igienair.com\/wp-content\/uploads\/2025\/03\/fr.svg","datePublished":"2025-03-12T14:38:06+00:00","dateModified":"2025-03-12T14:40:04+00:00","breadcrumb":{"@id":"https:\/\/igienair.com\/test-2\/#breadcrumb"},"inLanguage":"fr-LU","potentialAction":[{"@type":"ReadAction","target":["https:\/\/igienair.com\/test-2\/"]}]},{"@type":"ImageObject","inLanguage":"fr-LU","@id":"https:\/\/igienair.com\/test-2\/#primaryimage","url":"https:\/\/igienair.com\/wp-content\/uploads\/2025\/03\/fr.svg","contentUrl":"https:\/\/igienair.com\/wp-content\/uploads\/2025\/03\/fr.svg"},{"@type":"BreadcrumbList","@id":"https:\/\/igienair.com\/test-2\/#breadcrumb","itemListElement":[{"@type":"ListItem","position":1,"name":"Accueil","item":"https:\/\/igienair.com\/"},{"@type":"ListItem","position":2,"name":"test"}]},{"@type":"WebSite","@id":"https:\/\/igienair.com\/#website","url":"https:\/\/igienair.com\/","name":"Igienair","description":"Sp\u00e9cialiste de la qualit\u00e9 de l&#039;air int\u00e9rieur","publisher":{"@id":"https:\/\/igienair.com\/#organization"},"potentialAction":[{"@type":"SearchAction","target":{"@type":"EntryPoint","urlTemplate":"https:\/\/igienair.com\/?s={search_term_string}"},"query-input":{"@type":"PropertyValueSpecification","valueRequired":true,"valueName":"search_term_string"}}],"inLanguage":"fr-LU"},{"@type":"Organization","@id":"https:\/\/igienair.com\/#organization","name":"Igienair","url":"https:\/\/igienair.com\/","logo":{"@type":"ImageObject","inLanguage":"fr-LU","@id":"https:\/\/igienair.com\/#\/schema\/logo\/image\/","url":"https:\/\/igienair.com\/wp-content\/uploads\/2025\/05\/00-Logo_IGIENAIR_2025.png","contentUrl":"https:\/\/igienair.com\/wp-content\/uploads\/2025\/05\/00-Logo_IGIENAIR_2025.png","width":1484,"height":892,"caption":"Igienair"},"image":{"@id":"https:\/\/igienair.com\/#\/schema\/logo\/image\/"},"sameAs":["https:\/\/www.linkedin.com\/company\/igienair\/?viewAsMember=true"]}]}},"_links":{"self":[{"href":"https:\/\/igienair.com\/lu\/wp-json\/wp\/v2\/pages\/2302","targetHints":{"allow":["GET"]}}],"collection":[{"href":"https:\/\/igienair.com\/lu\/wp-json\/wp\/v2\/pages"}],"about":[{"href":"https:\/\/igienair.com\/lu\/wp-json\/wp\/v2\/types\/page"}],"author":[{"embeddable":true,"href":"https:\/\/igienair.com\/lu\/wp-json\/wp\/v2\/users\/4"}],"replies":[{"embeddable":true,"href":"https:\/\/igienair.com\/lu\/wp-json\/wp\/v2\/comments?post=2302"}],"version-history":[{"count":4,"href":"https:\/\/igienair.com\/lu\/wp-json\/wp\/v2\/pages\/2302\/revisions"}],"predecessor-version":[{"id":14792,"href":"https:\/\/igienair.com\/lu\/wp-json\/wp\/v2\/pages\/2302\/revisions\/14792"}],"wp:attachment":[{"href":"https:\/\/igienair.com\/lu\/wp-json\/wp\/v2\/media?parent=2302"}],"wp:term":[{"taxonomy":"expertise","embeddable":true,"href":"https:\/\/igienair.com\/lu\/wp-json\/wp\/v2\/expertise?post=2302"}],"curies":[{"name":"wp","href":"https:\/\/api.w.org\/{rel}","templated":true}]}}