{"id":14714,"date":"2025-04-03T12:59:06","date_gmt":"2025-04-03T10:59:06","guid":{"rendered":"https:\/\/igienair.com\/?page_id=14714"},"modified":"2025-07-16T10:49:31","modified_gmt":"2025-07-16T08:49:31","slug":"mentions-legales","status":"publish","type":"page","link":"https:\/\/igienair.com\/lu\/mentions-legales\/","title":{"rendered":"Mentions l\u00e9gales"},"content":{"rendered":"<p>Consultez les mentions l\u00e9gales de notre site IGIENAIR pour conna\u00eetre les informations l\u00e9gales, la protection des donn\u00e9es et les conditions d\u2019utilisation :<\/p>\n\n\n\n<h2 class=\"wp-block-heading\">\u00c9diteur du site<\/h2>\n\n\n\n<p><strong>IGIENAIR<\/strong><br>Soci\u00e9t\u00e9 par actions simplifi\u00e9e (SAS)<br>Au capital de <strong>1.283.800 \u20ac<\/strong><br>Immatricul\u00e9e au RCS de Versailles sous le num\u00e9ro <strong>449 977 131<\/strong><br>Si\u00e8ge social : 2 rue des communes, 78260 ACH\u00c8RES \u2013 France<br>T\u00e9l. : 01 39 28 10 00<\/p>\n\n\n\n<h2 class=\"wp-block-heading\">Directeur de la publication<\/h2>\n\n\n\n<p>Le directeur de la publication est le repr\u00e9sentant l\u00e9gal de la soci\u00e9t\u00e9 IGIENAIR.<\/p>\n\n\n\n<h2 class=\"wp-block-heading\">H\u00e9bergement<\/h2>\n\n\n\n<p>\n  Ce site est h\u00e9berg\u00e9 par :<br>\n  <strong>AMEN SASU<\/strong><br>\n  12-14, Rond Point des Champs \u00c9lys\u00e9es<br>\n  75008 Paris \u2013 France<br>\n  Site : <a href=\"https:\/\/www.amen.fr\" target=\"_blank\" rel=\"noopener nofollow\">www.amen.fr<\/a>\n<\/p>\n\n\n\n<h2 class=\"wp-block-heading\">Propri\u00e9t\u00e9 intellectuelle<\/h2>\n\n\n\n<p>L\u2019ensemble du contenu du site (textes, images, graphismes, logo, vid\u00e9os, etc.) est la propri\u00e9t\u00e9 exclusive de la soci\u00e9t\u00e9 IGIENAIR, sauf mention contraire. Toute reproduction, distribution, modification, adaptation, retransmission ou publication, m\u00eame partielle, est strictement interdite sans l\u2019accord \u00e9crit pr\u00e9alable d\u2019IGIENAIR.<\/p>\n\n\n\n<h2 class=\"wp-block-heading\">Donn\u00e9es personnelles<\/h2>\n\n\n\n<p><a href=\"https:\/\/igienair.com\/lu\/donnees-personnelles-et-cookies\/\" data-type=\"page\" data-id=\"14698\">Voir Donn\u00e9es personnelles et cookies<\/a><\/p>\n\n\n\n<h2 class=\"wp-block-heading\">Cookies<\/h2>\n\n\n\n<p><a href=\"https:\/\/igienair.com\/lu\/donnees-personnelles-et-cookies\/\" data-type=\"page\" data-id=\"14698\">Voir Donn\u00e9es personnelles et cookies<\/a><\/p>\n\n\n\n<h2 class=\"wp-block-heading\">Cr\u00e9dits<\/h2>\n\n\n\n<p>Site r\u00e9alis\u00e9 par : <em>Romuald Mouche &#8211; Pixoverso.fr<\/em><br>D\u00e9veloppement &amp; design : <em>Romuald Mouche &#8211; Pixoverso.fr<\/em><\/p>\n\n\n\n<p><\/p>","protected":false},"excerpt":{"rendered":"<p>Consultez les mentions l\u00e9gales de notre site IGIENAIR pour conna\u00eetre les informations l\u00e9gales, la protection des donn\u00e9es et les conditions d\u2019utilisation : \u00c9diteur du site IGIENAIRSoci\u00e9t\u00e9 par actions simplifi\u00e9e (SAS)Au capital de 1.283.800 \u20acImmatricul\u00e9e au RCS de Versailles sous le num\u00e9ro 449 977 131Si\u00e8ge social : 2 rue des communes, 78260 ACH\u00c8RES \u2013 FranceT\u00e9l. : [&hellip;]<\/p>\n","protected":false},"author":4,"featured_media":0,"parent":0,"menu_order":0,"comment_status":"closed","ping_status":"closed","template":"","meta":{"_acf_changed":false,"footnotes":""},"expertise":[],"class_list":["post-14714","page","type-page","status-publish","hentry"],"acf":[],"yoast_head":"<!-- This site is optimized with the Yoast SEO plugin v27.5 - https:\/\/yoast.com\/product\/yoast-seo-wordpress\/ -->\n<title>Mentions l\u00e9gales - Igienair<\/title>\n<meta name=\"description\" content=\"Consultez les mentions l\u00e9gales du site pour conna\u00eetre les informations l\u00e9gales, la protection des donn\u00e9es et les conditions d\u2019utilisation.\" \/>\n<meta name=\"robots\" content=\"index, follow, max-snippet:-1, max-image-preview:large, max-video-preview:-1\" \/>\n<link rel=\"canonical\" href=\"https:\/\/igienair.com\/lu\/mentions-legales\/\" \/>\n<meta property=\"og:locale\" content=\"fr_FR\" \/>\n<meta property=\"og:type\" content=\"article\" \/>\n<meta property=\"og:title\" content=\"Mentions l\u00e9gales - Igienair\" \/>\n<meta property=\"og:description\" content=\"Consultez les mentions l\u00e9gales du site pour conna\u00eetre les informations l\u00e9gales, la protection des donn\u00e9es et les conditions d\u2019utilisation.\" \/>\n<meta property=\"og:url\" content=\"https:\/\/igienair.com\/lu\/mentions-legales\/\" \/>\n<meta property=\"og:site_name\" content=\"Igienair\" \/>\n<meta property=\"article:modified_time\" content=\"2025-07-16T08:49:31+00:00\" \/>\n<script type=\"application\/ld+json\" class=\"yoast-schema-graph\">{\"@context\":\"https:\\\/\\\/schema.org\",\"@graph\":[{\"@type\":\"WebPage\",\"@id\":\"https:\\\/\\\/igienair.com\\\/lu\\\/mentions-legales\\\/\",\"url\":\"https:\\\/\\\/igienair.com\\\/lu\\\/mentions-legales\\\/\",\"name\":\"Mentions l\u00e9gales - Igienair\",\"isPartOf\":{\"@id\":\"https:\\\/\\\/igienair.com\\\/#website\"},\"datePublished\":\"2025-04-03T10:59:06+00:00\",\"dateModified\":\"2025-07-16T08:49:31+00:00\",\"description\":\"Consultez les mentions l\u00e9gales du site pour conna\u00eetre les informations l\u00e9gales, la protection des donn\u00e9es et les conditions d\u2019utilisation.\",\"breadcrumb\":{\"@id\":\"https:\\\/\\\/igienair.com\\\/lu\\\/mentions-legales\\\/#breadcrumb\"},\"inLanguage\":\"fr-LU\",\"potentialAction\":[{\"@type\":\"ReadAction\",\"target\":[\"https:\\\/\\\/igienair.com\\\/lu\\\/mentions-legales\\\/\"]}]},{\"@type\":\"BreadcrumbList\",\"@id\":\"https:\\\/\\\/igienair.com\\\/lu\\\/mentions-legales\\\/#breadcrumb\",\"itemListElement\":[{\"@type\":\"ListItem\",\"position\":1,\"name\":\"Accueil\",\"item\":\"https:\\\/\\\/igienair.com\\\/\"},{\"@type\":\"ListItem\",\"position\":2,\"name\":\"Mentions l\u00e9gales\"}]},{\"@type\":\"WebSite\",\"@id\":\"https:\\\/\\\/igienair.com\\\/#website\",\"url\":\"https:\\\/\\\/igienair.com\\\/\",\"name\":\"Igienair\",\"description\":\"Sp\u00e9cialiste de la qualit\u00e9 de l&#039;air int\u00e9rieur\",\"publisher\":{\"@id\":\"https:\\\/\\\/igienair.com\\\/#organization\"},\"potentialAction\":[{\"@type\":\"SearchAction\",\"target\":{\"@type\":\"EntryPoint\",\"urlTemplate\":\"https:\\\/\\\/igienair.com\\\/?s={search_term_string}\"},\"query-input\":{\"@type\":\"PropertyValueSpecification\",\"valueRequired\":true,\"valueName\":\"search_term_string\"}}],\"inLanguage\":\"fr-LU\"},{\"@type\":\"Organization\",\"@id\":\"https:\\\/\\\/igienair.com\\\/#organization\",\"name\":\"Igienair\",\"url\":\"https:\\\/\\\/igienair.com\\\/\",\"logo\":{\"@type\":\"ImageObject\",\"inLanguage\":\"fr-LU\",\"@id\":\"https:\\\/\\\/igienair.com\\\/#\\\/schema\\\/logo\\\/image\\\/\",\"url\":\"https:\\\/\\\/igienair.com\\\/wp-content\\\/uploads\\\/2025\\\/05\\\/00-Logo_IGIENAIR_2025.png\",\"contentUrl\":\"https:\\\/\\\/igienair.com\\\/wp-content\\\/uploads\\\/2025\\\/05\\\/00-Logo_IGIENAIR_2025.png\",\"width\":1484,\"height\":892,\"caption\":\"Igienair\"},\"image\":{\"@id\":\"https:\\\/\\\/igienair.com\\\/#\\\/schema\\\/logo\\\/image\\\/\"},\"sameAs\":[\"https:\\\/\\\/www.linkedin.com\\\/company\\\/igienair\\\/?viewAsMember=true\"]}]}<\/script>\n<!-- \/ Yoast SEO plugin. -->","yoast_head_json":{"title":"Mentions l\u00e9gales - Igienair","description":"Consultez les mentions l\u00e9gales du site pour conna\u00eetre les informations l\u00e9gales, la protection des donn\u00e9es et les conditions d\u2019utilisation.","robots":{"index":"index","follow":"follow","max-snippet":"max-snippet:-1","max-image-preview":"max-image-preview:large","max-video-preview":"max-video-preview:-1"},"canonical":"https:\/\/igienair.com\/lu\/mentions-legales\/","og_locale":"fr_FR","og_type":"article","og_title":"Mentions l\u00e9gales - Igienair","og_description":"Consultez les mentions l\u00e9gales du site pour conna\u00eetre les informations l\u00e9gales, la protection des donn\u00e9es et les conditions d\u2019utilisation.","og_url":"https:\/\/igienair.com\/lu\/mentions-legales\/","og_site_name":"Igienair","article_modified_time":"2025-07-16T08:49:31+00:00","schema":{"@context":"https:\/\/schema.org","@graph":[{"@type":"WebPage","@id":"https:\/\/igienair.com\/lu\/mentions-legales\/","url":"https:\/\/igienair.com\/lu\/mentions-legales\/","name":"Mentions l\u00e9gales - Igienair","isPartOf":{"@id":"https:\/\/igienair.com\/#website"},"datePublished":"2025-04-03T10:59:06+00:00","dateModified":"2025-07-16T08:49:31+00:00","description":"Consultez les mentions l\u00e9gales du site pour conna\u00eetre les informations l\u00e9gales, la protection des donn\u00e9es et les conditions d\u2019utilisation.","breadcrumb":{"@id":"https:\/\/igienair.com\/lu\/mentions-legales\/#breadcrumb"},"inLanguage":"fr-LU","potentialAction":[{"@type":"ReadAction","target":["https:\/\/igienair.com\/lu\/mentions-legales\/"]}]},{"@type":"BreadcrumbList","@id":"https:\/\/igienair.com\/lu\/mentions-legales\/#breadcrumb","itemListElement":[{"@type":"ListItem","position":1,"name":"Accueil","item":"https:\/\/igienair.com\/"},{"@type":"ListItem","position":2,"name":"Mentions l\u00e9gales"}]},{"@type":"WebSite","@id":"https:\/\/igienair.com\/#website","url":"https:\/\/igienair.com\/","name":"Igienair","description":"Sp\u00e9cialiste de la qualit\u00e9 de l&#039;air int\u00e9rieur","publisher":{"@id":"https:\/\/igienair.com\/#organization"},"potentialAction":[{"@type":"SearchAction","target":{"@type":"EntryPoint","urlTemplate":"https:\/\/igienair.com\/?s={search_term_string}"},"query-input":{"@type":"PropertyValueSpecification","valueRequired":true,"valueName":"search_term_string"}}],"inLanguage":"fr-LU"},{"@type":"Organization","@id":"https:\/\/igienair.com\/#organization","name":"Igienair","url":"https:\/\/igienair.com\/","logo":{"@type":"ImageObject","inLanguage":"fr-LU","@id":"https:\/\/igienair.com\/#\/schema\/logo\/image\/","url":"https:\/\/igienair.com\/wp-content\/uploads\/2025\/05\/00-Logo_IGIENAIR_2025.png","contentUrl":"https:\/\/igienair.com\/wp-content\/uploads\/2025\/05\/00-Logo_IGIENAIR_2025.png","width":1484,"height":892,"caption":"Igienair"},"image":{"@id":"https:\/\/igienair.com\/#\/schema\/logo\/image\/"},"sameAs":["https:\/\/www.linkedin.com\/company\/igienair\/?viewAsMember=true"]}]}},"_links":{"self":[{"href":"https:\/\/igienair.com\/lu\/wp-json\/wp\/v2\/pages\/14714","targetHints":{"allow":["GET"]}}],"collection":[{"href":"https:\/\/igienair.com\/lu\/wp-json\/wp\/v2\/pages"}],"about":[{"href":"https:\/\/igienair.com\/lu\/wp-json\/wp\/v2\/types\/page"}],"author":[{"embeddable":true,"href":"https:\/\/igienair.com\/lu\/wp-json\/wp\/v2\/users\/4"}],"replies":[{"embeddable":true,"href":"https:\/\/igienair.com\/lu\/wp-json\/wp\/v2\/comments?post=14714"}],"version-history":[{"count":2,"href":"https:\/\/igienair.com\/lu\/wp-json\/wp\/v2\/pages\/14714\/revisions"}],"predecessor-version":[{"id":15951,"href":"https:\/\/igienair.com\/lu\/wp-json\/wp\/v2\/pages\/14714\/revisions\/15951"}],"wp:attachment":[{"href":"https:\/\/igienair.com\/lu\/wp-json\/wp\/v2\/media?parent=14714"}],"wp:term":[{"taxonomy":"expertise","embeddable":true,"href":"https:\/\/igienair.com\/lu\/wp-json\/wp\/v2\/expertise?post=14714"}],"curies":[{"name":"wp","href":"https:\/\/api.w.org\/{rel}","templated":true}]}}