{"id":14,"date":"2025-01-14T15:22:55","date_gmt":"2025-01-14T14:22:55","guid":{"rendered":"https:\/\/igienair.com\/?page_id=14"},"modified":"2025-10-02T16:27:26","modified_gmt":"2025-10-02T14:27:26","slug":"surveillance-de-la-qai","status":"publish","type":"page","link":"https:\/\/igienair.com\/lu\/expertises\/surveillance-de-la-qai\/","title":{"rendered":"Surveillance de la QAI"},"content":{"rendered":"\t\t<div data-elementor-type=\"wp-page\" data-elementor-id=\"14\" class=\"elementor elementor-14\" data-elementor-post-type=\"page\">\n\t\t\t\t<div class=\"elementor-element elementor-element-7344f78c e-flex e-con-boxed e-con e-parent\" data-id=\"7344f78c\" data-element_type=\"container\" data-e-type=\"container\">\n\t\t\t\t\t<div class=\"e-con-inner\">\n\t\t\t\t<div class=\"elementor-element elementor-element-76d163f9 elementor-widget elementor-widget-text-editor\" data-id=\"76d163f9\" data-element_type=\"widget\" data-e-type=\"widget\" data-widget_type=\"text-editor.default\">\n\t\t\t\t\t\t\t\t\t\n<p><\/p>\n\n\n\n<p><\/p>\n\t\t\t\t\t\t\t\t<\/div>\n\t\t\t\t\t<\/div>\n\t\t\t\t<\/div>\n\t\t<div class=\"elementor-element elementor-element-a788db0 e-flex e-con-boxed e-con e-parent\" data-id=\"a788db0\" data-element_type=\"container\" data-e-type=\"container\">\n\t\t\t\t\t<div class=\"e-con-inner\">\n\t\t\t\t<div class=\"elementor-element elementor-element-003bade elementor-widget elementor-widget-ucaddon_post_grid\" data-id=\"003bade\" data-element_type=\"widget\" data-e-type=\"widget\" data-widget_type=\"ucaddon_post_grid.default\">\n\t\t\t\t<div class=\"elementor-widget-container\">\n\t\t\t\t\t\n<!-- start Post Grid -->\n\t\t<link id='font-awesome-css' href='https:\/\/igienair.com\/wp-content\/plugins\/unlimited-elements-for-elementor-premium\/assets_libraries\/font-awesome6\/fontawesome-all.min.css' type='text\/css' rel='stylesheet' >\n\t\t<link id='font-awesome-4-shim-css' href='https:\/\/igienair.com\/wp-content\/plugins\/unlimited-elements-for-elementor-premium\/assets_libraries\/font-awesome6\/fontawesome-v4-shims.min.css' type='text\/css' rel='stylesheet' >\n\n<style>\/* widget: Post Grid *\/\n\n\r\n@keyframes uc_post_grid_elementor_003bade__item-animation {\r\n  0% {\r\n            transform: translateY(-50px);\r\n        \t        \tfilter: blur(4px);\r\n\t\t\t\r\n    \t    opacity: 0;\r\n  }\r\n  100% {\r\n            transform: translateY(0px);\r\n        \t            filter: blur(0px);\r\n            \r\n    \t\topacity: 1;\r\n  }\r\n}\r\n\r\n\r\n#uc_post_grid_elementor_003bade .ue-item{\r\n\topacity:0;\r\n}\r\n\r\n\r\n#uc_post_grid_elementor_003bade .uc-entrance-animate {\r\n  opacity:1;\r\n}\r\n\r\n#uc_post_grid_elementor_003bade .uc-entrance-animate {\r\n\tanimation: uc_post_grid_elementor_003bade__item-animation 0.445s cubic-bezier(0.470, 0.000, 0.745, 0.715) both;\r\n}\r\n\r\n\t\t\t\n\n#uc_post_grid_elementor_003bade{\n  min-height: 1px;\n}\n\n#uc_post_grid_elementor_003bade.uc_post_grid_style_one .uc_post_grid_style_one_wrap {\n   display:grid;\n}\n\n\n#uc_post_grid_elementor_003bade .uc_post_grid_style_one_item{\n  position:relative;\n}\n\n#uc_post_grid_elementor_003bade .uc_post_image{\n  transition:0.3s;\n  position:relative;\n  overflow:hidden;\n}\n\n#uc_post_grid_elementor_003bade .uc_post_image img{\n  width:100%;\n  display:block;\n  transition:0.3s;\n}\n\n\t#uc_post_grid_elementor_003bade .ue-item:hover .uc_post_image img    {\n      transform:scale(1.1,1.1);\n    }\n\t\n\n#uc_post_grid_elementor_003bade .uc_post_image_overlay{\n  position:absolute;\n  top:0px;\n  left:0px;\n  height:100%;\n  width:100%;\n  transition:0.3s;\n}\n\n#uc_post_grid_elementor_003bade .uc_more_btn-custom-field{\n  display:inline-block;\n  text-align:center;\n  text-decoration:none;\n  transition:0.3s;\n}\n\n#uc_post_grid_elementor_003bade .uc_more_btn{\n  display:inline-block;\n  text-align:center;\n  text-decoration:none;\n  transition:0.3s;\n}\n\n.ue-grid-item-category a{\n  display:inline-block;\n  font-size:10px;\n  position: relative;\n  z-index: 1;\n}\n\n#uc_post_grid_elementor_003bade .ue-grid-item-category a{\n    cursor: text;\n  }\n\n.uc_post_title{\n  font-size:21px;\n}\n\n\n\n\n\n\n\n\n\n\t#uc_post_grid_elementor_003bade .uc_post_grid_style_one_item{\n      display:flex;\n    }\n\n\t#uc_post_grid_elementor_003bade .uc_content{\n      display:flex;\n      justify-content:center;\n      flex-direction:column;\n    }\n\n    #uc_post_grid_elementor_003bade .uc_content{\n      flex-shrink:0;\n      flex-grow:0;\n    }\n\n    #uc_post_grid_elementor_003bade .uc_post_grid_style_one_image{\n      flex-grow:1;\n      display: flex;      \n    }\n\t\n\n\n\n\n\n\n#uc_post_grid_elementor_003bade .ue-meta-data{  \n  display:flex !important;\n  flex-wrap: wrap;\n  line-height:1em;\n}\n\n#uc_post_grid_elementor_003bade .ue-grid-item-meta-data{\n  display:inline-flex;\n  align-items:center;\n}\n\n#uc_post_grid_elementor_003bade .ue-grid-item-meta-data a{\n  color:inherit;\n}\n\n.ue-grid-item-meta-data{\n  font-size:12px;\n}\n\n#uc_post_grid_elementor_003bade .ue-grid-item-meta-data-icon{\n  line-height:1em;\n}\n\n#uc_post_grid_elementor_003bade .ue-grid-item-meta-data-icon svg{\n  width:1em;\n  height:1em;\n}\n\n#uc_post_grid_elementor_003bade .ue-debug-meta{\n  padding:10px;\n  border:1px solid red;\n  position:relative;\n  line-height:1.5em;\n  font-size:11px;\n  width:100%;\n}\n\n#uc_post_grid_elementor_003bade .uc_btn_inner{\n  display:inline-flex;\n  align-items:center;\n  pointer-events:none;\n}\n\n#uc_post_grid_elementor_003bade .uc_btn_inner svg{\n  width:1em;\n  height:1em;\n}\n#uc_post_grid_elementor_003bade .ue_p_title{\n  pointer-events:none;\n}\n  #uc_post_grid_elementor_003bade .ue_post_full_link{\n    position:absolute;\n    width:100%;\n    height:100%;\n    top:0;\n    left:0;\n  }\n\n\n#uc_post_grid_elementor_003bade .uc_content_inner{\n  width: 100%;\n}\n\n\n#uc_post_grid_elementor_003bade_item1 [href=\"javascript:void(0)\"]{\n  cursor: unset;\n}\n\n\n#uc_post_grid_elementor_003bade_item2 [href=\"javascript:void(0)\"]{\n  cursor: unset;\n}\n\n\n<\/style>\n\n<div class=\"uc_post_grid_style_one \" id=\"uc_post_grid_elementor_003bade\"  >\n\t\t<div class=\"uc_post_grid_style_one_wrap ue_post_grid uc-items-wrapper\">\n\t\t\t\n\n\n\n<div id=\"uc_post_grid_elementor_003bade_item1\" class=\"uc_post_grid_style_one_item ue_post_grid_item ue-item elementor-animation-float\">\n  \n      <a class=\"uc_post_grid_style_one_image \" href='https:\/\/igienair.com\/lu\/expertises\/surveillance-de-la-qai\/surveillance-en-continu-de-la-qai\/' target=\"_self\">\n     <div class=\"uc_post_image\">\n       <img loading=\"lazy\" decoding=\"async\" src=\"https:\/\/igienair.com\/wp-content\/uploads\/2025\/05\/Salle-de-reeunion1ZaackQAI-scaled-e1747294168537-768x768.jpg\"  src=\"https:\/\/igienair.com\/wp-content\/uploads\/2025\/05\/Salle-de-reeunion1ZaackQAI-scaled-e1747294168537-768x768.jpg\" alt=\"Business People Meeting Communication Discussion Working Office Concept\" width=\"768\" height=\"768\">\n       <div class=\"uc_post_image_overlay\"><\/div>\n     <\/div>\n    <\/a>\n   \n  <div class=\"uc_content\">\n    <div class=\"uc_content_inner\">\n      <div class=\"uc_content-info-wrapper\" >\n        \n                 \n        \t        \t\t        \t\t\n\t\t\t        \n        \t<div class=\"ue-grid-item-category\">\n                            \t              \t\t<a href=\"javascript:void(0);\" class=\"\">Surveillance QAI<\/a>\n              \t                      \t<\/div>        \n      \n              \n\n            \t\t\t<div class=\"uc_post_title\"><a class=\"\" href='https:\/\/igienair.com\/lu\/expertises\/surveillance-de-la-qai\/surveillance-en-continu-de-la-qai\/' target=\"_self\"><div class=\"ue_p_title\">Surveillance en continu de la QAI<\/div><\/a><\/div>\n      \t\n                      \n       \n                 \n         \n  <div class=\"uc_post_text_custom_field\"><p>Chez <strong>IGIENAIR<\/strong>, nos filiales de Recherche &amp; D\u00e9veloppement, <strong>ZAACK<\/strong> et <strong>NANOSENSE<\/strong>, accompagn\u00e9es de l&rsquo;expertise de nos d\u00e9veloppeurs et ing\u00e9nieurs, proposent des solutions innovantes pour <strong>surveiller en temps r\u00e9el la qualit\u00e9 de l\u2019air<\/strong>.<\/p>\n<p>Que ce soit pour des environnements exigeants ou des espaces du quotidien, elles offrent des technologies compl\u00e9mentaires et sur-mesure pour r\u00e9pondre \u00e0 vos besoins sp\u00e9cifiques.<\/p><\/div>\n           \n                            \n        <div class=\"ue-meta-data\">\n            \n                \t    \n                \n        \n\t\n                \n                \n                \n                \n    \t\t\t\n      \n            \n  <\/div>\t\n                            \n     <\/div>                      \n                           \n \t<\/div>  <\/div>      \n  <a class=\"ue_post_full_link \" href='https:\/\/igienair.com\/lu\/expertises\/surveillance-de-la-qai\/surveillance-en-continu-de-la-qai\/' target=\"_self\"><\/a>      \n<\/div>\n\n\n\n\n<div id=\"uc_post_grid_elementor_003bade_item2\" class=\"uc_post_grid_style_one_item ue_post_grid_item ue-item elementor-animation-float\">\n  \n      <a class=\"uc_post_grid_style_one_image \" href='https:\/\/igienair.com\/lu\/expertises\/surveillance-de-la-qai\/mesure-qai-reglementaire\/' target=\"_self\">\n     <div class=\"uc_post_image\">\n       <img loading=\"lazy\" decoding=\"async\" src=\"https:\/\/igienair.com\/wp-content\/uploads\/2025\/03\/qai-air-interieur-768x768.jpg\"  src=\"https:\/\/igienair.com\/wp-content\/uploads\/2025\/03\/qai-air-interieur-768x768.jpg\" alt=\"mesure la qualit\u00e9 de l\u2019air int\u00e9rieur (QAI)\" width=\"768\" height=\"768\">\n       <div class=\"uc_post_image_overlay\"><\/div>\n     <\/div>\n    <\/a>\n   \n  <div class=\"uc_content\">\n    <div class=\"uc_content_inner\">\n      <div class=\"uc_content-info-wrapper\" >\n        \n                 \n        \t        \t\t        \t\t\n\t\t\t        \n        \t<div class=\"ue-grid-item-category\">\n                            \t              \t\t<a href=\"javascript:void(0);\" class=\"\">Surveillance QAI<\/a>\n              \t                      \t<\/div>        \n      \n              \n\n            \t\t\t<div class=\"uc_post_title\"><a class=\"\" href='https:\/\/igienair.com\/lu\/expertises\/surveillance-de-la-qai\/mesure-qai-reglementaire\/' target=\"_self\"><div class=\"ue_p_title\">Mesure QAI r\u00e9glementaire<\/div><\/a><\/div>\n      \t\n                      \n       \n                 \n         \n  <div class=\"uc_post_text_custom_field\"><p>La qualit\u00e9 de l\u2019air int\u00e9rieur (QAI) est un <strong>enjeu majeur de sant\u00e9 publique<\/strong>, en particulier dans les \u00c9tablissements Recevant du Public (ERP) sensibles comme les cr\u00e8ches, \u00e9coles et EHPAD.<\/p>\n<p>Face aux risques li\u00e9s \u00e0 la pollution de l\u2019air int\u00e9rieur, la r\u00e9glementation a progressivement \u00e9volu\u00e9.<\/p><\/div>\n           \n                            \n        <div class=\"ue-meta-data\">\n            \n                \t    \n                \n        \n\t\n                \n                \n                \n                \n    \t\t\t\n      \n            \n  <\/div>\t\n                            \n     <\/div>                      \n                           \n \t<\/div>  <\/div>      \n  <a class=\"ue_post_full_link \" href='https:\/\/igienair.com\/lu\/expertises\/surveillance-de-la-qai\/mesure-qai-reglementaire\/' target=\"_self\"><\/a>      \n<\/div>\n\n\t\t<\/div>\n\t<\/div>\n\n\n\n  <div id=\"uc_post_grid_elementor_003bade_empty_message\" class=\"ue-no-posts-found\"  style=\"display:none\" >No posts found<\/div>\n\n\n<!-- end Post Grid -->\t\t\t\t<\/div>\n\t\t\t\t<\/div>\n\t\t\t\t\t<\/div>\n\t\t\t\t<\/div>\n\t\t\t\t<\/div>\n\t\t","protected":false},"excerpt":{"rendered":"<p>Surveillance QAI Surveillance en continu de la QAI Chez IGIENAIR, nos filiales de Recherche &amp; D\u00e9veloppement, ZAACK et NANOSENSE, accompagn\u00e9es de l&rsquo;expertise de nos d\u00e9veloppeurs et ing\u00e9nieurs, proposent des solutions innovantes pour surveiller en temps r\u00e9el la qualit\u00e9 de l\u2019air. Que ce soit pour des environnements exigeants ou des espaces du quotidien, elles offrent des [&hellip;]<\/p>\n","protected":false},"author":4,"featured_media":380,"parent":86,"menu_order":0,"comment_status":"closed","ping_status":"closed","template":"","meta":{"_acf_changed":false,"footnotes":""},"expertise":[],"class_list":["post-14","page","type-page","status-publish","has-post-thumbnail","hentry"],"acf":[],"yoast_head":"<!-- This site is optimized with the Yoast SEO plugin v27.4 - https:\/\/yoast.com\/product\/yoast-seo-wordpress\/ -->\n<title>Surveillance de la QAI - Igienair<\/title>\n<meta name=\"description\" content=\"IGIENAIR accompagne les professionnels dans la surveillance de la qualit\u00e9 de l&#039;air int\u00e9rieur (QAI) de leurs locaux\" \/>\n<meta name=\"robots\" content=\"index, follow, max-snippet:-1, max-image-preview:large, max-video-preview:-1\" \/>\n<link rel=\"canonical\" href=\"https:\/\/igienair.com\/lu\/en\/expertise-2\/qai-monitoring\/\" \/>\n<meta property=\"og:locale\" content=\"fr_FR\" \/>\n<meta property=\"og:type\" content=\"article\" \/>\n<meta property=\"og:title\" content=\"Surveillance de la QAI - Igienair\" \/>\n<meta property=\"og:description\" content=\"IGIENAIR accompagne les professionnels dans la surveillance de la qualit\u00e9 de l&#039;air int\u00e9rieur (QAI) de leurs locaux\" \/>\n<meta property=\"og:url\" content=\"https:\/\/igienair.com\/lu\/en\/expertise-2\/qai-monitoring\/\" \/>\n<meta property=\"og:site_name\" content=\"Igienair\" \/>\n<meta property=\"article:modified_time\" content=\"2025-10-02T14:27:26+00:00\" \/>\n<meta property=\"og:image\" content=\"https:\/\/igienair.com\/wp-content\/uploads\/2025\/01\/surveillance-qai.jpg\" \/>\n\t<meta property=\"og:image:width\" content=\"1200\" \/>\n\t<meta property=\"og:image:height\" content=\"1200\" \/>\n\t<meta property=\"og:image:type\" content=\"image\/jpeg\" \/>\n<script type=\"application\/ld+json\" class=\"yoast-schema-graph\">{\"@context\":\"https:\\\/\\\/schema.org\",\"@graph\":[{\"@type\":\"WebPage\",\"@id\":\"https:\\\/\\\/igienair.com\\\/en\\\/expertise-2\\\/qai-monitoring\\\/\",\"url\":\"https:\\\/\\\/igienair.com\\\/en\\\/expertise-2\\\/qai-monitoring\\\/\",\"name\":\"Surveillance de la QAI - Igienair\",\"isPartOf\":{\"@id\":\"https:\\\/\\\/igienair.com\\\/#website\"},\"primaryImageOfPage\":{\"@id\":\"https:\\\/\\\/igienair.com\\\/en\\\/expertise-2\\\/qai-monitoring\\\/#primaryimage\"},\"image\":{\"@id\":\"https:\\\/\\\/igienair.com\\\/en\\\/expertise-2\\\/qai-monitoring\\\/#primaryimage\"},\"thumbnailUrl\":\"https:\\\/\\\/igienair.com\\\/wp-content\\\/uploads\\\/2025\\\/01\\\/surveillance-qai.jpg\",\"datePublished\":\"2025-01-14T14:22:55+00:00\",\"dateModified\":\"2025-10-02T14:27:26+00:00\",\"description\":\"IGIENAIR accompagne les professionnels dans la surveillance de la qualit\u00e9 de l'air int\u00e9rieur (QAI) de leurs locaux\",\"breadcrumb\":{\"@id\":\"https:\\\/\\\/igienair.com\\\/en\\\/expertise-2\\\/qai-monitoring\\\/#breadcrumb\"},\"inLanguage\":\"fr-LU\",\"potentialAction\":[{\"@type\":\"ReadAction\",\"target\":[\"https:\\\/\\\/igienair.com\\\/en\\\/expertise-2\\\/qai-monitoring\\\/\"]}]},{\"@type\":\"ImageObject\",\"inLanguage\":\"fr-LU\",\"@id\":\"https:\\\/\\\/igienair.com\\\/en\\\/expertise-2\\\/qai-monitoring\\\/#primaryimage\",\"url\":\"https:\\\/\\\/igienair.com\\\/wp-content\\\/uploads\\\/2025\\\/01\\\/surveillance-qai.jpg\",\"contentUrl\":\"https:\\\/\\\/igienair.com\\\/wp-content\\\/uploads\\\/2025\\\/01\\\/surveillance-qai.jpg\",\"width\":1200,\"height\":1200},{\"@type\":\"BreadcrumbList\",\"@id\":\"https:\\\/\\\/igienair.com\\\/en\\\/expertise-2\\\/qai-monitoring\\\/#breadcrumb\",\"itemListElement\":[{\"@type\":\"ListItem\",\"position\":1,\"name\":\"Accueil\",\"item\":\"https:\\\/\\\/igienair.com\\\/\"},{\"@type\":\"ListItem\",\"position\":2,\"name\":\"Expertises\",\"item\":\"https:\\\/\\\/igienair.com\\\/en\\\/expertise-2\\\/\"},{\"@type\":\"ListItem\",\"position\":3,\"name\":\"Surveillance de la QAI\"}]},{\"@type\":\"WebSite\",\"@id\":\"https:\\\/\\\/igienair.com\\\/#website\",\"url\":\"https:\\\/\\\/igienair.com\\\/\",\"name\":\"Igienair\",\"description\":\"Sp\u00e9cialiste de la qualit\u00e9 de l&#039;air int\u00e9rieur\",\"publisher\":{\"@id\":\"https:\\\/\\\/igienair.com\\\/#organization\"},\"potentialAction\":[{\"@type\":\"SearchAction\",\"target\":{\"@type\":\"EntryPoint\",\"urlTemplate\":\"https:\\\/\\\/igienair.com\\\/?s={search_term_string}\"},\"query-input\":{\"@type\":\"PropertyValueSpecification\",\"valueRequired\":true,\"valueName\":\"search_term_string\"}}],\"inLanguage\":\"fr-LU\"},{\"@type\":\"Organization\",\"@id\":\"https:\\\/\\\/igienair.com\\\/#organization\",\"name\":\"Igienair\",\"url\":\"https:\\\/\\\/igienair.com\\\/\",\"logo\":{\"@type\":\"ImageObject\",\"inLanguage\":\"fr-LU\",\"@id\":\"https:\\\/\\\/igienair.com\\\/#\\\/schema\\\/logo\\\/image\\\/\",\"url\":\"https:\\\/\\\/igienair.com\\\/wp-content\\\/uploads\\\/2025\\\/05\\\/00-Logo_IGIENAIR_2025.png\",\"contentUrl\":\"https:\\\/\\\/igienair.com\\\/wp-content\\\/uploads\\\/2025\\\/05\\\/00-Logo_IGIENAIR_2025.png\",\"width\":1484,\"height\":892,\"caption\":\"Igienair\"},\"image\":{\"@id\":\"https:\\\/\\\/igienair.com\\\/#\\\/schema\\\/logo\\\/image\\\/\"},\"sameAs\":[\"https:\\\/\\\/www.linkedin.com\\\/company\\\/igienair\\\/?viewAsMember=true\"]}]}<\/script>\n<!-- \/ Yoast SEO plugin. -->","yoast_head_json":{"title":"Surveillance de la QAI - Igienair","description":"IGIENAIR accompagne les professionnels dans la surveillance de la qualit\u00e9 de l'air int\u00e9rieur (QAI) de leurs locaux","robots":{"index":"index","follow":"follow","max-snippet":"max-snippet:-1","max-image-preview":"max-image-preview:large","max-video-preview":"max-video-preview:-1"},"canonical":"https:\/\/igienair.com\/lu\/en\/expertise-2\/qai-monitoring\/","og_locale":"fr_FR","og_type":"article","og_title":"Surveillance de la QAI - Igienair","og_description":"IGIENAIR accompagne les professionnels dans la surveillance de la qualit\u00e9 de l'air int\u00e9rieur (QAI) de leurs locaux","og_url":"https:\/\/igienair.com\/lu\/en\/expertise-2\/qai-monitoring\/","og_site_name":"Igienair","article_modified_time":"2025-10-02T14:27:26+00:00","og_image":[{"width":1200,"height":1200,"url":"https:\/\/igienair.com\/wp-content\/uploads\/2025\/01\/surveillance-qai.jpg","type":"image\/jpeg"}],"schema":{"@context":"https:\/\/schema.org","@graph":[{"@type":"WebPage","@id":"https:\/\/igienair.com\/en\/expertise-2\/qai-monitoring\/","url":"https:\/\/igienair.com\/en\/expertise-2\/qai-monitoring\/","name":"Surveillance de la QAI - Igienair","isPartOf":{"@id":"https:\/\/igienair.com\/#website"},"primaryImageOfPage":{"@id":"https:\/\/igienair.com\/en\/expertise-2\/qai-monitoring\/#primaryimage"},"image":{"@id":"https:\/\/igienair.com\/en\/expertise-2\/qai-monitoring\/#primaryimage"},"thumbnailUrl":"https:\/\/igienair.com\/wp-content\/uploads\/2025\/01\/surveillance-qai.jpg","datePublished":"2025-01-14T14:22:55+00:00","dateModified":"2025-10-02T14:27:26+00:00","description":"IGIENAIR accompagne les professionnels dans la surveillance de la qualit\u00e9 de l'air int\u00e9rieur (QAI) de leurs locaux","breadcrumb":{"@id":"https:\/\/igienair.com\/en\/expertise-2\/qai-monitoring\/#breadcrumb"},"inLanguage":"fr-LU","potentialAction":[{"@type":"ReadAction","target":["https:\/\/igienair.com\/en\/expertise-2\/qai-monitoring\/"]}]},{"@type":"ImageObject","inLanguage":"fr-LU","@id":"https:\/\/igienair.com\/en\/expertise-2\/qai-monitoring\/#primaryimage","url":"https:\/\/igienair.com\/wp-content\/uploads\/2025\/01\/surveillance-qai.jpg","contentUrl":"https:\/\/igienair.com\/wp-content\/uploads\/2025\/01\/surveillance-qai.jpg","width":1200,"height":1200},{"@type":"BreadcrumbList","@id":"https:\/\/igienair.com\/en\/expertise-2\/qai-monitoring\/#breadcrumb","itemListElement":[{"@type":"ListItem","position":1,"name":"Accueil","item":"https:\/\/igienair.com\/"},{"@type":"ListItem","position":2,"name":"Expertises","item":"https:\/\/igienair.com\/en\/expertise-2\/"},{"@type":"ListItem","position":3,"name":"Surveillance de la QAI"}]},{"@type":"WebSite","@id":"https:\/\/igienair.com\/#website","url":"https:\/\/igienair.com\/","name":"Igienair","description":"Sp\u00e9cialiste de la qualit\u00e9 de l&#039;air int\u00e9rieur","publisher":{"@id":"https:\/\/igienair.com\/#organization"},"potentialAction":[{"@type":"SearchAction","target":{"@type":"EntryPoint","urlTemplate":"https:\/\/igienair.com\/?s={search_term_string}"},"query-input":{"@type":"PropertyValueSpecification","valueRequired":true,"valueName":"search_term_string"}}],"inLanguage":"fr-LU"},{"@type":"Organization","@id":"https:\/\/igienair.com\/#organization","name":"Igienair","url":"https:\/\/igienair.com\/","logo":{"@type":"ImageObject","inLanguage":"fr-LU","@id":"https:\/\/igienair.com\/#\/schema\/logo\/image\/","url":"https:\/\/igienair.com\/wp-content\/uploads\/2025\/05\/00-Logo_IGIENAIR_2025.png","contentUrl":"https:\/\/igienair.com\/wp-content\/uploads\/2025\/05\/00-Logo_IGIENAIR_2025.png","width":1484,"height":892,"caption":"Igienair"},"image":{"@id":"https:\/\/igienair.com\/#\/schema\/logo\/image\/"},"sameAs":["https:\/\/www.linkedin.com\/company\/igienair\/?viewAsMember=true"]}]}},"_links":{"self":[{"href":"https:\/\/igienair.com\/lu\/wp-json\/wp\/v2\/pages\/14","targetHints":{"allow":["GET"]}}],"collection":[{"href":"https:\/\/igienair.com\/lu\/wp-json\/wp\/v2\/pages"}],"about":[{"href":"https:\/\/igienair.com\/lu\/wp-json\/wp\/v2\/types\/page"}],"author":[{"embeddable":true,"href":"https:\/\/igienair.com\/lu\/wp-json\/wp\/v2\/users\/4"}],"replies":[{"embeddable":true,"href":"https:\/\/igienair.com\/lu\/wp-json\/wp\/v2\/comments?post=14"}],"version-history":[{"count":3,"href":"https:\/\/igienair.com\/lu\/wp-json\/wp\/v2\/pages\/14\/revisions"}],"predecessor-version":[{"id":16140,"href":"https:\/\/igienair.com\/lu\/wp-json\/wp\/v2\/pages\/14\/revisions\/16140"}],"up":[{"embeddable":true,"href":"https:\/\/igienair.com\/lu\/wp-json\/wp\/v2\/pages\/86"}],"wp:featuredmedia":[{"embeddable":true,"href":"https:\/\/igienair.com\/lu\/wp-json\/wp\/v2\/media\/380"}],"wp:attachment":[{"href":"https:\/\/igienair.com\/lu\/wp-json\/wp\/v2\/media?parent=14"}],"wp:term":[{"taxonomy":"expertise","embeddable":true,"href":"https:\/\/igienair.com\/lu\/wp-json\/wp\/v2\/expertise?post=14"}],"curies":[{"name":"wp","href":"https:\/\/api.w.org\/{rel}","templated":true}]}}